{"id":14214,"date":"2025-05-05T17:59:59","date_gmt":"2025-05-05T15:59:59","guid":{"rendered":"https:\/\/iwood-solutions.com\/rechtliche-hinweise\/"},"modified":"2026-04-20T15:14:57","modified_gmt":"2026-04-20T13:14:57","slug":"rechtliche-hinweise","status":"publish","type":"page","link":"https:\/\/iwood-solutions.com\/de\/rechtliche-hinweise\/","title":{"rendered":"Rechtliche Hinweise"},"content":{"rendered":"\t\t<div data-elementor-type=\"wp-page\" data-elementor-id=\"14214\" class=\"elementor elementor-14214\" data-elementor-post-type=\"page\">\n\t\t\t\t<div class=\"elementor-element elementor-element-36a3f45 e-flex e-con-boxed e-con e-parent\" data-id=\"36a3f45\" data-element_type=\"container\" data-e-type=\"container\" data-settings=\"{&quot;background_background&quot;:&quot;classic&quot;}\">\n\t\t\t\t\t<div class=\"e-con-inner\">\n\t\t<div class=\"elementor-element elementor-element-c26b2a0 e-con-full e-flex elementor-invisible e-con e-child\" data-id=\"c26b2a0\" data-element_type=\"container\" data-e-type=\"container\" data-settings=\"{&quot;animation&quot;:&quot;fadeIn&quot;}\">\n\t\t\t\t<div class=\"elementor-element elementor-element-acfc94c elementor-widget elementor-widget-heading\" data-id=\"acfc94c\" data-element_type=\"widget\" data-e-type=\"widget\" data-widget_type=\"heading.default\">\n\t\t\t\t<div class=\"elementor-widget-container\">\n\t\t\t\t\t<h1 class=\"elementor-heading-title elementor-size-default\">Impressum<\/h1>\t\t\t\t<\/div>\n\t\t\t\t<\/div>\n\t\t\t\t<div class=\"elementor-element elementor-element-000b3e3 elementor-widget elementor-widget-text-editor\" data-id=\"000b3e3\" data-element_type=\"widget\" data-e-type=\"widget\" data-widget_type=\"text-editor.default\">\n\t\t\t\t<div class=\"elementor-widget-container\">\n\t\t\t\t\t\t\t\t\t<p><strong>IDENTIFIKATIONSDATEN:<\/strong><\/p><p>In Erf\u00fcllung der Informationspflicht gem\u00e4\u00df Artikel 10 des Gesetzes 34\/2002 vom 11. Juli \u00fcber Dienste der Informationsgesellschaft und des elektronischen Gesch\u00e4ftsverkehrs werden im Folgenden die Daten des Unternehmens, das Inhaber dieser Website ist, aufgef\u00fchrt:<\/p><p><strong>Unternehmen:<\/strong> Paulownia A1 Agroforestry SL<\/p><p><strong>Steuernummer:<\/strong> B91986547<\/p><p><strong>Adresse:<\/strong> Ctra. Nacional 332, Km. 253, 46410, Sueca, Valencia, Spanien <\/p><p><strong>E-Mail: <a href=\"mailto:info@ipaulownia.com\">info@ipaulownia.com<\/a><\/strong><\/p><p><strong>Website: <a href=\"https:\/\/iwood-solutions.com\/de\/\" target=\"_blank\" rel=\"noopener\">https:\/\/iwood-solutions.com<\/a><\/strong><\/p><p><strong>Handelsregister:<\/strong> Eingetragen im Handelsregister von Sevilla in Band 5496, Blatt 175, Eintrag SE-92609<\/p><p><strong>NUTZER:<\/strong><\/p><p>Die Nutzung dieses Portals ist v\u00f6llig freiwillig und setzt die vollst\u00e4ndige Annahme aller jeweils geltenden Nutzungsbedingungen durch den Nutzer voraus. Paulownia A1 Agroforestry SL beh\u00e4lt sich das Recht vor, den Zugang zur Website ohne vorherige Ank\u00fcndigung f\u00fcr jeden Nutzer zu sperren, der gegen diese Bedingungen verst\u00f6\u00dft. Der Nutzer ist daf\u00fcr verantwortlich, diese Bedingungen sorgf\u00e4ltig zu lesen, die unabh\u00e4ngig von den allgemeinen Gesch\u00e4ftsbedingungen gelten, die m\u00f6glicherweise verbindlich sind.  <\/p><p><strong>NUTZUNG DES PORTALS:<\/strong><\/p><p>Paulownia A1 Agroforestry SL bietet Zugang zu vielf\u00e4ltigen Informationen, Dienstleistungen, Programmen oder Daten im Internet. Der Nutzer \u00fcbernimmt die Verantwortung f\u00fcr die Nutzung des Portals und verpflichtet sich, die Inhalte und Dienste angemessen zu nutzen, ohne illegale Aktivit\u00e4ten oder solche, die gegen Treu und Glauben und die \u00f6ffentliche Ordnung versto\u00dfen, durchzuf\u00fchren. <\/p><p><strong>DATENSCHUTZRICHTLINIE:<\/strong><\/p><p>Wir informieren Sie, dass Paulownia A1 Agroforestry SL die geltenden Vorschriften zum Schutz personenbezogener Daten einh\u00e4lt, insbesondere die Verordnung (EU) 2016\/679 (DSGVO) und das LOPD. Weitere Informationen finden Sie in unserer <a href=\"https:\/\/iwood-solutions.com\/de\/datenschutzerklaerung\/\" target=\"_blank\" rel=\"noopener\"><strong>Datenschutzrichtlinie<\/strong><\/a>. <\/p><p><strong>GEISTIGES EIGENTUM UND GEWERBLICHE SCHUTZRECHTE:<\/strong><\/p><p>Alle Inhalte der Website, einschlie\u00dflich Bilder und Texte, sind Eigentum von Paulownia A1 Agroforestry SL und durch geltendes Recht gesch\u00fctzt. Ihre Vervielf\u00e4ltigung oder Nutzung f\u00fcr kommerzielle Zwecke ohne ausdr\u00fcckliche Genehmigung ist untersagt. <\/p><p><strong>HAFTUNGSAUSSCHLUSS:<\/strong><\/p><p>Die Nutzung der Website erfolgt ausschlie\u00dflich auf eigene Verantwortung des Nutzers. Paulownia A1 Agroforestry S.L. ist in keinem Fall verantwortlich f\u00fcr Sch\u00e4den, die in den Computersystemen der Nutzer aufgrund des Zugriffs, der Nutzung oder des Missbrauchs der Website-Inhalte, der \u00fcber diese erworbenen Informationen, von Computerviren, Betriebsfehlern oder Unterbrechungen des Dienstes oder der \u00dcbertragung entstehen k\u00f6nnen.<\/p><p>Paulownia A1 Agroforestry S.L. lehnt ausdr\u00fccklich jede Haftung f\u00fcr Sch\u00e4den oder Nachteile ab, die dem Nutzer durch Fehler, M\u00e4ngel oder Auslassungen in den auf dieser Website enthaltenen Informationen entstehen k\u00f6nnen. Der Nutzer entbindet Paulownia A1 Agroforestry S.L. von jeglicher Haftung in Bezug auf die Zuverl\u00e4ssigkeit, N\u00fctzlichkeit oder falsche Erwartungen, die das Portal w\u00e4hrend der Navigation hervorrufen k\u00f6nnte.  <\/p><p><strong>COOKIES:<\/strong><\/p><p>Diese Website verwendet Cookies, um die korrekte Funktionsweise des Portals zu gew\u00e4hrleisten. Weitere Informationen finden Sie in unserer <a href=\"https:\/\/iwood-solutions.com\/de\/cookie-richtlinie\/\" target=\"_blank\" rel=\"noopener\">Cookie-Richtlinie<\/a>. <\/p><p><strong>LINKS:<\/strong><\/p><p>Paulownia A1 Agroforestry SL \u00fcbernimmt keine Verantwortung f\u00fcr den Inhalt externer Links auf dieser Website und garantiert weder deren technische Verf\u00fcgbarkeit noch deren Genauigkeit.<\/p><p><strong>AUSSCHLUSSRECHT:<\/strong><\/p><p>Paulownia A1 Agroforestry SL beh\u00e4lt sich das Recht vor, den Zugang zum Portal und\/oder zu Dienstleistungen ohne Vorank\u00fcndigung f\u00fcr Nutzer zu verweigern oder zu entziehen, die gegen diese rechtlichen Hinweise versto\u00dfen.<\/p><p><strong>ALLGEMEINES:<\/strong><\/p><p>Paulownia A1 Agroforestry SL kann rechtliche Schritte gegen jede missbr\u00e4uchliche Nutzung der Website oder Verletzung dieser rechtlichen Hinweise einleiten.<\/p><p><strong>\u00c4NDERUNG DIESER BEDINGUNGEN UND DAUER:<\/strong><\/p><p>Paulownia A1 Agroforestry SL kann die hier festgelegten Bedingungen jederzeit \u00e4ndern, wobei diese ordnungsgem\u00e4\u00df ver\u00f6ffentlicht werden. Die G\u00fcltigkeit der Bedingungen h\u00e4ngt von ihrer Ver\u00f6ffentlichung ab und sie bleiben bis zu ihrer \u00c4nderung durch andere ordnungsgem\u00e4\u00df ver\u00f6ffentlichte Bedingungen in Kraft.<\/p><p><strong>ANWENDBARES RECHT UND GERICHTSSTAND:<\/strong><\/p><p>Diese Allgemeinen Nutzungsbedingungen unterliegen spanischem Recht. F\u00fcr alle Fragen, die in Bezug auf den Inhalt der Website und die Anwendung und Einhaltung der hier festgelegten Bestimmungen auftreten k\u00f6nnen, unterwerfen sich Paulownia A1 Agroforestry S.L. und der Nutzer der Gerichtsbarkeit der Gerichte am Wohnsitz des Nutzers. F\u00fcr den Fall, dass der Nutzer seinen Wohnsitz au\u00dferhalb des spanischen Hoheitsgebiets hat, unterwerfen sich Paulownia A1 Agroforestry S.L. und der Nutzer unter Verzicht auf den ihnen m\u00f6glicherweise zustehenden Gerichtsstand den zust\u00e4ndigen Gerichten.<\/p><p><strong>Datum der letzten Aktualisierung:<\/strong> 5. Mai 2025.<\/p>\t\t\t\t\t\t\t\t<\/div>\n\t\t\t\t<\/div>\n\t\t\t\t<\/div>\n\t\t\t\t\t<\/div>\n\t\t\t\t<\/div>\n\t\t\t\t<\/div>\n\t\t","protected":false},"excerpt":{"rendered":"<p>Impressum IDENTIFIKATIONSDATEN: In Erf\u00fcllung der Informationspflicht gem\u00e4\u00df Artikel 10 des Gesetzes 34\/2002 vom 11. Juli \u00fcber Dienste der Informationsgesellschaft und des elektronischen Gesch\u00e4ftsverkehrs werden im Folgenden die Daten des Unternehmens, das Inhaber dieser Website ist, aufgef\u00fchrt: Unternehmen: Paulownia A1 Agroforestry SL Steuernummer: B91986547 Adresse: Ctra. Nacional 332, Km. 253, 46410, Sueca, Valencia, Spanien E-Mail: info@ipaulownia.com [&hellip;]<\/p>\n","protected":false},"author":1,"featured_media":0,"parent":0,"menu_order":0,"comment_status":"closed","ping_status":"closed","template":"template-canvas.php","meta":{"footnotes":""},"class_list":["post-14214","page","type-page","status-publish","hentry"],"yoast_head":"<!-- This site is optimized with the Yoast SEO plugin v27.4 - https:\/\/yoast.com\/product\/yoast-seo-wordpress\/ -->\n<title>Rechtliche Hinweise - iWood | Natural Intelligence<\/title>\n<meta name=\"robots\" content=\"noindex, follow\" \/>\n<meta property=\"og:locale\" content=\"de_DE\" \/>\n<meta property=\"og:type\" content=\"article\" \/>\n<meta property=\"og:title\" content=\"Rechtliche Hinweise - iWood | Natural Intelligence\" \/>\n<meta property=\"og:description\" content=\"Impressum IDENTIFIKATIONSDATEN: In Erf\u00fcllung der Informationspflicht gem\u00e4\u00df Artikel 10 des Gesetzes 34\/2002 vom 11. Juli \u00fcber Dienste der Informationsgesellschaft und des elektronischen Gesch\u00e4ftsverkehrs werden im Folgenden die Daten des Unternehmens, das Inhaber dieser Website ist, aufgef\u00fchrt: Unternehmen: Paulownia A1 Agroforestry SL Steuernummer: B91986547 Adresse: Ctra. Nacional 332, Km. 253, 46410, Sueca, Valencia, Spanien E-Mail: info@ipaulownia.com [&hellip;]\" \/>\n<meta property=\"og:url\" content=\"https:\/\/iwood-solutions.com\/de\/rechtliche-hinweise\/\" \/>\n<meta property=\"og:site_name\" content=\"iWood | Natural Intelligence\" \/>\n<meta property=\"article:modified_time\" content=\"2026-04-20T13:14:57+00:00\" \/>\n<meta name=\"twitter:card\" content=\"summary_large_image\" \/>\n<meta name=\"twitter:label1\" content=\"Gesch\u00e4tzte Lesezeit\" \/>\n\t<meta name=\"twitter:data1\" content=\"3\u00a0Minuten\" \/>\n<script type=\"application\/ld+json\" class=\"yoast-schema-graph\">{\"@context\":\"https:\\\/\\\/schema.org\",\"@graph\":[{\"@type\":\"WebPage\",\"@id\":\"https:\\\/\\\/iwood-solutions.com\\\/de\\\/rechtliche-hinweise\\\/\",\"url\":\"https:\\\/\\\/iwood-solutions.com\\\/de\\\/rechtliche-hinweise\\\/\",\"name\":\"Rechtliche Hinweise - iWood | Natural Intelligence\",\"isPartOf\":{\"@id\":\"https:\\\/\\\/iwood-solutions.com\\\/de\\\/#website\"},\"datePublished\":\"2025-05-05T15:59:59+00:00\",\"dateModified\":\"2026-04-20T13:14:57+00:00\",\"breadcrumb\":{\"@id\":\"https:\\\/\\\/iwood-solutions.com\\\/de\\\/rechtliche-hinweise\\\/#breadcrumb\"},\"inLanguage\":\"de\",\"potentialAction\":[{\"@type\":\"ReadAction\",\"target\":[\"https:\\\/\\\/iwood-solutions.com\\\/de\\\/rechtliche-hinweise\\\/\"]}]},{\"@type\":\"BreadcrumbList\",\"@id\":\"https:\\\/\\\/iwood-solutions.com\\\/de\\\/rechtliche-hinweise\\\/#breadcrumb\",\"itemListElement\":[{\"@type\":\"ListItem\",\"position\":1,\"name\":\"Portada\",\"item\":\"https:\\\/\\\/iwood-solutions.com\\\/de\\\/nachhaltige-paulownia-holz-kaufen-2\\\/\"},{\"@type\":\"ListItem\",\"position\":2,\"name\":\"Rechtliche Hinweise\"}]},{\"@type\":\"WebSite\",\"@id\":\"https:\\\/\\\/iwood-solutions.com\\\/de\\\/#website\",\"url\":\"https:\\\/\\\/iwood-solutions.com\\\/de\\\/\",\"name\":\"iWood\",\"description\":\"Intelligent Wood Solutions\",\"publisher\":{\"@id\":\"https:\\\/\\\/iwood-solutions.com\\\/de\\\/#organization\"},\"potentialAction\":[{\"@type\":\"SearchAction\",\"target\":{\"@type\":\"EntryPoint\",\"urlTemplate\":\"https:\\\/\\\/iwood-solutions.com\\\/de\\\/?s={search_term_string}\"},\"query-input\":{\"@type\":\"PropertyValueSpecification\",\"valueRequired\":true,\"valueName\":\"search_term_string\"}}],\"inLanguage\":\"de\"},{\"@type\":\"Organization\",\"@id\":\"https:\\\/\\\/iwood-solutions.com\\\/de\\\/#organization\",\"name\":\"iWood\",\"url\":\"https:\\\/\\\/iwood-solutions.com\\\/de\\\/\",\"logo\":{\"@type\":\"ImageObject\",\"inLanguage\":\"de\",\"@id\":\"https:\\\/\\\/iwood-solutions.com\\\/de\\\/#\\\/schema\\\/logo\\\/image\\\/\",\"url\":\"https:\\\/\\\/iwood-solutions.com\\\/wp-content\\\/uploads\\\/2026\\\/04\\\/cropped-IWOOD_LOGO_DARK-e1776466684737.png\",\"contentUrl\":\"https:\\\/\\\/iwood-solutions.com\\\/wp-content\\\/uploads\\\/2026\\\/04\\\/cropped-IWOOD_LOGO_DARK-e1776466684737.png\",\"width\":250,\"height\":49,\"caption\":\"iWood\"},\"image\":{\"@id\":\"https:\\\/\\\/iwood-solutions.com\\\/de\\\/#\\\/schema\\\/logo\\\/image\\\/\"}}]}<\/script>\n<!-- \/ Yoast SEO plugin. -->","yoast_head_json":{"title":"Rechtliche Hinweise - iWood | Natural Intelligence","robots":{"index":"noindex","follow":"follow"},"og_locale":"de_DE","og_type":"article","og_title":"Rechtliche Hinweise - iWood | Natural Intelligence","og_description":"Impressum IDENTIFIKATIONSDATEN: In Erf\u00fcllung der Informationspflicht gem\u00e4\u00df Artikel 10 des Gesetzes 34\/2002 vom 11. Juli \u00fcber Dienste der Informationsgesellschaft und des elektronischen Gesch\u00e4ftsverkehrs werden im Folgenden die Daten des Unternehmens, das Inhaber dieser Website ist, aufgef\u00fchrt: Unternehmen: Paulownia A1 Agroforestry SL Steuernummer: B91986547 Adresse: Ctra. Nacional 332, Km. 253, 46410, Sueca, Valencia, Spanien E-Mail: info@ipaulownia.com [&hellip;]","og_url":"https:\/\/iwood-solutions.com\/de\/rechtliche-hinweise\/","og_site_name":"iWood | Natural Intelligence","article_modified_time":"2026-04-20T13:14:57+00:00","twitter_card":"summary_large_image","twitter_misc":{"Gesch\u00e4tzte Lesezeit":"3\u00a0Minuten"},"schema":{"@context":"https:\/\/schema.org","@graph":[{"@type":"WebPage","@id":"https:\/\/iwood-solutions.com\/de\/rechtliche-hinweise\/","url":"https:\/\/iwood-solutions.com\/de\/rechtliche-hinweise\/","name":"Rechtliche Hinweise - iWood | Natural Intelligence","isPartOf":{"@id":"https:\/\/iwood-solutions.com\/de\/#website"},"datePublished":"2025-05-05T15:59:59+00:00","dateModified":"2026-04-20T13:14:57+00:00","breadcrumb":{"@id":"https:\/\/iwood-solutions.com\/de\/rechtliche-hinweise\/#breadcrumb"},"inLanguage":"de","potentialAction":[{"@type":"ReadAction","target":["https:\/\/iwood-solutions.com\/de\/rechtliche-hinweise\/"]}]},{"@type":"BreadcrumbList","@id":"https:\/\/iwood-solutions.com\/de\/rechtliche-hinweise\/#breadcrumb","itemListElement":[{"@type":"ListItem","position":1,"name":"Portada","item":"https:\/\/iwood-solutions.com\/de\/nachhaltige-paulownia-holz-kaufen-2\/"},{"@type":"ListItem","position":2,"name":"Rechtliche Hinweise"}]},{"@type":"WebSite","@id":"https:\/\/iwood-solutions.com\/de\/#website","url":"https:\/\/iwood-solutions.com\/de\/","name":"iWood","description":"Intelligent Wood Solutions","publisher":{"@id":"https:\/\/iwood-solutions.com\/de\/#organization"},"potentialAction":[{"@type":"SearchAction","target":{"@type":"EntryPoint","urlTemplate":"https:\/\/iwood-solutions.com\/de\/?s={search_term_string}"},"query-input":{"@type":"PropertyValueSpecification","valueRequired":true,"valueName":"search_term_string"}}],"inLanguage":"de"},{"@type":"Organization","@id":"https:\/\/iwood-solutions.com\/de\/#organization","name":"iWood","url":"https:\/\/iwood-solutions.com\/de\/","logo":{"@type":"ImageObject","inLanguage":"de","@id":"https:\/\/iwood-solutions.com\/de\/#\/schema\/logo\/image\/","url":"https:\/\/iwood-solutions.com\/wp-content\/uploads\/2026\/04\/cropped-IWOOD_LOGO_DARK-e1776466684737.png","contentUrl":"https:\/\/iwood-solutions.com\/wp-content\/uploads\/2026\/04\/cropped-IWOOD_LOGO_DARK-e1776466684737.png","width":250,"height":49,"caption":"iWood"},"image":{"@id":"https:\/\/iwood-solutions.com\/de\/#\/schema\/logo\/image\/"}}]}},"_links":{"self":[{"href":"https:\/\/iwood-solutions.com\/de\/wp-json\/wp\/v2\/pages\/14214","targetHints":{"allow":["GET"]}}],"collection":[{"href":"https:\/\/iwood-solutions.com\/de\/wp-json\/wp\/v2\/pages"}],"about":[{"href":"https:\/\/iwood-solutions.com\/de\/wp-json\/wp\/v2\/types\/page"}],"author":[{"embeddable":true,"href":"https:\/\/iwood-solutions.com\/de\/wp-json\/wp\/v2\/users\/1"}],"replies":[{"embeddable":true,"href":"https:\/\/iwood-solutions.com\/de\/wp-json\/wp\/v2\/comments?post=14214"}],"version-history":[{"count":6,"href":"https:\/\/iwood-solutions.com\/de\/wp-json\/wp\/v2\/pages\/14214\/revisions"}],"predecessor-version":[{"id":25305,"href":"https:\/\/iwood-solutions.com\/de\/wp-json\/wp\/v2\/pages\/14214\/revisions\/25305"}],"wp:attachment":[{"href":"https:\/\/iwood-solutions.com\/de\/wp-json\/wp\/v2\/media?parent=14214"}],"curies":[{"name":"wp","href":"https:\/\/api.w.org\/{rel}","templated":true}]}}