{"id":17016,"date":"2024-06-04T16:29:02","date_gmt":"2024-06-04T14:29:02","guid":{"rendered":"https:\/\/iwood-solutions.com\/datenschutzerklaerung\/"},"modified":"2025-11-12T11:57:07","modified_gmt":"2025-11-12T10:57:07","slug":"datenschutzerklaerung","status":"publish","type":"page","link":"https:\/\/iwood-solutions.com\/de\/datenschutzerklaerung\/","title":{"rendered":"Datenschutzerkl\u00e4rung"},"content":{"rendered":"\t\t<div data-elementor-type=\"wp-page\" data-elementor-id=\"17016\" class=\"elementor elementor-17016 elementor-3\" data-elementor-post-type=\"page\">\n\t\t\t\t<div class=\"elementor-element elementor-element-36a3f45 e-flex e-con-boxed e-con e-parent\" data-id=\"36a3f45\" data-element_type=\"container\" data-e-type=\"container\" data-settings=\"{&quot;background_background&quot;:&quot;classic&quot;}\">\n\t\t\t\t\t<div class=\"e-con-inner\">\n\t\t<div class=\"elementor-element elementor-element-c26b2a0 e-con-full e-flex elementor-invisible e-con e-child\" data-id=\"c26b2a0\" data-element_type=\"container\" data-e-type=\"container\" data-settings=\"{&quot;animation&quot;:&quot;fadeIn&quot;}\">\n\t\t\t\t<div class=\"elementor-element elementor-element-acfc94c elementor-widget elementor-widget-heading\" data-id=\"acfc94c\" data-element_type=\"widget\" data-e-type=\"widget\" data-widget_type=\"heading.default\">\n\t\t\t\t<div class=\"elementor-widget-container\">\n\t\t\t\t\t<h1 class=\"elementor-heading-title elementor-size-default\">Datenschutzerkl\u00e4rung<\/h1>\t\t\t\t<\/div>\n\t\t\t\t<\/div>\n\t\t\t\t<div class=\"elementor-element elementor-element-000b3e3 elementor-widget elementor-widget-text-editor\" data-id=\"000b3e3\" data-element_type=\"widget\" data-e-type=\"widget\" data-widget_type=\"text-editor.default\">\n\t\t\t\t<div class=\"elementor-widget-container\">\n\t\t\t\t\t\t\t\t\t<p><strong>VERANTWORTLICHER F\u00dcR PERSONENBEZOGENE DATEN<\/strong><\/p><p>Unternehmen: Paulownia A1 Agroforestry SL<br>USt-IdNr.: B91986547<br>Adresse: Ctra. Nacional 332, Km. 253, 46410 Sueca, Valencia, Spanien<br>E-Mail: info@ipaulownia.com<br>Website: https:\/\/iwood-solutions.com <\/p><p>Wir informieren Sie, dass die Website https:\/\/iwood-solutions.com, deren Inhaber Paulownia A1 Agroforestry SL ist (im Folgenden \u201edas Portal oder die Website\u201c), die Richtlinien der geltenden Datenschutzgesetzgebung einh\u00e4lt, insbesondere die Verordnung (EU) 2016\/679 vom 27. April 2016 (DSGVO) sowie das spanische Organgesetz 3\/2018 vom 5. Dezember \u00fcber den Schutz personenbezogener Daten und die Gew\u00e4hrleistung digitaler Rechte.<\/p><p><strong>GRUNDS\u00c4TZE F\u00dcR DIE VERARBEITUNG<\/strong><\/p><p>Bei der Verarbeitung personenbezogener Daten wenden wir folgende Grunds\u00e4tze an:<\/p><ul><li><strong>Rechtm\u00e4\u00dfigkeit, Fairness und Transparenz:<\/strong> Wir werden die Einwilligung f\u00fcr einen oder mehrere bestimmte Zwecke einholen und Sie vorher transparent informieren.<\/li><li><strong>Datenminimierung:<\/strong> Wir erfragen nur die unbedingt notwendigen Daten.<\/li><li><strong>Begrenzung der Speicherdauer:<\/strong> Die Daten werden nur so lange aufbewahrt, wie es f\u00fcr die Zwecke der Verarbeitung erforderlich ist.<\/li><li><strong>Integrit\u00e4t und Vertraulichkeit:<\/strong> Wir verarbeiten die Daten unter Gew\u00e4hrleistung von Sicherheit und Vertraulichkeit, um unbefugten Zugriff oder missbr\u00e4uchliche Verwendung zu verhindern.<\/li><\/ul><p><strong>ANGEFORDERTE DATEN UND ZWECK DER VERARBEITUNG<\/strong><\/p><p>Als Nutzer sind Sie allein f\u00fcr die Richtigkeit der \u00fcbermittelten Daten verantwortlich. Diese werden in unsere Systeme f\u00fcr folgende Zwecke aufgenommen: <\/p><ul><li><strong>Kontaktformular:<\/strong> Beantwortung von Anfragen (Name, Nachname, E-Mail-Adresse).<\/li><li><strong>Anmeldeformular:<\/strong> Versand von Newslettern und Mitteilungen (Name, E-Mail-Adresse).<\/li><li><strong>Blog-Kommentare:<\/strong> Verwaltung und Ver\u00f6ffentlichung von Kommentaren (Name, E-Mail-Adresse).<\/li><li><strong>Formular f\u00fcr Dienstleistungen\/Produkte:<\/strong> Verwaltung der vertraglichen Beziehung.<\/li><li><strong>Umfrageformular:<\/strong> Durchf\u00fchrung von Umfragen zu unseren Dienstleistungen.<\/li><\/ul><p>Die \u00dcbermittlung dieser Daten impliziert die ausdr\u00fcckliche Einwilligung des Nutzers und die Akzeptanz dieser Richtlinie. Sie kann auch eine internationale Daten\u00fcbermittlung beinhalten, wenn sich die Anbieter au\u00dferhalb der EU befinden. F\u00fcr Personen unter 14 Jahren ist die Einwilligung der Eltern oder Erziehungsberechtigten erforderlich.  <\/p><p>Die Datenverarbeitung in sozialen Netzwerken richtet sich nach dieser Richtlinie und den Bedingungen des jeweiligen Netzwerks. Profilinformationen werden nicht f\u00fcr individuelle Werbung verwendet. <\/p><p><strong>AUFTRAGSVERARBEITER<\/strong><\/p><p>Paulownia A1 Agroforestry SL wird personenbezogene Daten nicht an Dritte weitergeben, es sei denn, dies ist gesetzlich vorgeschrieben. Die Auftragsverarbeiter haben Vertraulichkeitsvereinbarungen unterzeichnet und verpflichten sich zur Einhaltung der gesetzlichen Bestimmungen. <\/p><ul><li><strong>LucusHost S.L.U.:<\/strong> Mar Cant\u00e1brico 23, Entresuelo B, 27004 Lugo. Richtlinie: <a href=\"https:\/\/www.lucushost.com\/aviso-legal\" target=\"_blank\" rel=\"noopener\">lucushost.com<\/a> <\/li><li><strong>Google LLC:<\/strong> 1600 Amphitheatre Parkway, Mountain View, CA, USA. Richtlinie: <a href=\"https:\/\/www.google.com\/intl\/es\/policies\/privacy\/\" target=\"_blank\" rel=\"noopener\">google.com<\/a> <\/li><li><strong>MailerLite Inc.:<\/strong> 548 Market St, San Francisco, CA, USA. Richtlinie: <a href=\"https:\/\/www.mailerlite.com\/es\/legal\/privacy-policy\" target=\"_blank\" rel=\"noopener\">mailerlite.com<\/a> <\/li><\/ul><p>Als Nutzer k\u00f6nnen Sie Ihre Rechte auf Auskunft, Berichtigung, L\u00f6schung, Widerspruch, Einschr\u00e4nkung und \u00dcbertragbarkeit aus\u00fcben, indem Sie eine E-Mail an info@ipaulownia.com senden. Geben Sie im Betreff \u201eARCO-POL-Rechte\u201c an und f\u00fcgen Sie eine Kopie Ihres Personalausweises bei.<\/p><p>Sie k\u00f6nnen auch eine Beschwerde bei der spanischen Datenschutzbeh\u00f6rde (AEPD) einreichen: <a href=\"https:\/\/sedeagpd.gob.es\/sede-electronica-web\/\" target=\"_blank\" rel=\"noopener\">elektronisches B\u00fcro der AEPD<\/a>.<\/p><p><strong>DAUER DER VERARBEITUNG<\/strong><\/p><p>Die Daten werden so lange aufbewahrt, wie ein gegenseitiges Interesse oder gesetzliche Verpflichtungen bestehen. Nach Ablauf dieser Frist werden sie sicher gel\u00f6scht. Paulownia A1 Agroforestry SL beh\u00e4lt sich das Recht vor, diese Richtlinie zu \u00e4ndern, um sie an rechtliche Neuerungen anzupassen.<\/p><p>F\u00fcr alle Fragen im Zusammenhang mit dieser Richtlinie k\u00f6nnen Sie uns unter folgender Adresse kontaktieren: info@ipaulownia.com<\/p><p><strong>Datum der letzten Aktualisierung:<\/strong> 5. Mai 2025.<\/p>\t\t\t\t\t\t\t\t<\/div>\n\t\t\t\t<\/div>\n\t\t\t\t<\/div>\n\t\t\t\t\t<\/div>\n\t\t\t\t<\/div>\n\t\t\t\t<\/div>\n\t\t","protected":false},"excerpt":{"rendered":"<p>Datenschutzerkl\u00e4rung VERANTWORTLICHER F\u00dcR PERSONENBEZOGENE DATEN Unternehmen: Paulownia A1 Agroforestry SLUSt-IdNr.: B91986547Adresse: Ctra. Nacional 332, Km. 253, 46410 Sueca, Valencia, SpanienE-Mail: info@ipaulownia.comWebsite: https:\/\/iwood-solutions.com Wir informieren Sie, dass die Website https:\/\/iwood-solutions.com, deren Inhaber Paulownia A1 Agroforestry SL ist (im Folgenden \u201edas Portal oder die Website\u201c), die Richtlinien der geltenden Datenschutzgesetzgebung einh\u00e4lt, insbesondere die Verordnung (EU) 2016\/679 vom [&hellip;]<\/p>\n","protected":false},"author":1,"featured_media":0,"parent":0,"menu_order":0,"comment_status":"closed","ping_status":"closed","template":"template-canvas.php","meta":{"footnotes":""},"class_list":["post-17016","page","type-page","status-publish","hentry"],"yoast_head":"<!-- This site is optimized with the Yoast SEO plugin v27.4 - https:\/\/yoast.com\/product\/yoast-seo-wordpress\/ -->\n<title>Datenschutzerkl\u00e4rung - iWood | Natural Intelligence<\/title>\n<meta name=\"robots\" content=\"index, follow, max-snippet:-1, max-image-preview:large, max-video-preview:-1\" \/>\n<link rel=\"canonical\" href=\"https:\/\/iwood-solutions.com\/de\/datenschutzerklaerung\/\" \/>\n<meta property=\"og:locale\" content=\"de_DE\" \/>\n<meta property=\"og:type\" content=\"article\" \/>\n<meta property=\"og:title\" content=\"Datenschutzerkl\u00e4rung - iWood | Natural Intelligence\" \/>\n<meta property=\"og:description\" content=\"Datenschutzerkl\u00e4rung VERANTWORTLICHER F\u00dcR PERSONENBEZOGENE DATEN Unternehmen: Paulownia A1 Agroforestry SLUSt-IdNr.: B91986547Adresse: Ctra. Nacional 332, Km. 253, 46410 Sueca, Valencia, SpanienE-Mail: info@ipaulownia.comWebsite: https:\/\/iwood-solutions.com Wir informieren Sie, dass die Website https:\/\/iwood-solutions.com, deren Inhaber Paulownia A1 Agroforestry SL ist (im Folgenden \u201edas Portal oder die Website\u201c), die Richtlinien der geltenden Datenschutzgesetzgebung einh\u00e4lt, insbesondere die Verordnung (EU) 2016\/679 vom [&hellip;]\" \/>\n<meta property=\"og:url\" content=\"https:\/\/iwood-solutions.com\/de\/datenschutzerklaerung\/\" \/>\n<meta property=\"og:site_name\" content=\"iWood | Natural Intelligence\" \/>\n<meta property=\"article:modified_time\" content=\"2025-11-12T10:57:07+00:00\" \/>\n<meta name=\"twitter:card\" content=\"summary_large_image\" \/>\n<meta name=\"twitter:label1\" content=\"Gesch\u00e4tzte Lesezeit\" \/>\n\t<meta name=\"twitter:data1\" content=\"3\u00a0Minuten\" \/>\n<script type=\"application\/ld+json\" class=\"yoast-schema-graph\">{\"@context\":\"https:\\\/\\\/schema.org\",\"@graph\":[{\"@type\":\"WebPage\",\"@id\":\"https:\\\/\\\/iwood-solutions.com\\\/de\\\/datenschutzerklaerung\\\/\",\"url\":\"https:\\\/\\\/iwood-solutions.com\\\/de\\\/datenschutzerklaerung\\\/\",\"name\":\"Datenschutzerkl\u00e4rung - iWood | Natural Intelligence\",\"isPartOf\":{\"@id\":\"https:\\\/\\\/iwood-solutions.com\\\/de\\\/#website\"},\"datePublished\":\"2024-06-04T14:29:02+00:00\",\"dateModified\":\"2025-11-12T10:57:07+00:00\",\"breadcrumb\":{\"@id\":\"https:\\\/\\\/iwood-solutions.com\\\/de\\\/datenschutzerklaerung\\\/#breadcrumb\"},\"inLanguage\":\"de\",\"potentialAction\":[{\"@type\":\"ReadAction\",\"target\":[\"https:\\\/\\\/iwood-solutions.com\\\/de\\\/datenschutzerklaerung\\\/\"]}]},{\"@type\":\"BreadcrumbList\",\"@id\":\"https:\\\/\\\/iwood-solutions.com\\\/de\\\/datenschutzerklaerung\\\/#breadcrumb\",\"itemListElement\":[{\"@type\":\"ListItem\",\"position\":1,\"name\":\"Portada\",\"item\":\"https:\\\/\\\/iwood-solutions.com\\\/de\\\/nachhaltige-paulownia-holz-kaufen-2\\\/\"},{\"@type\":\"ListItem\",\"position\":2,\"name\":\"Datenschutzerkl\u00e4rung\"}]},{\"@type\":\"WebSite\",\"@id\":\"https:\\\/\\\/iwood-solutions.com\\\/de\\\/#website\",\"url\":\"https:\\\/\\\/iwood-solutions.com\\\/de\\\/\",\"name\":\"iWood\",\"description\":\"Intelligent Wood Solutions\",\"publisher\":{\"@id\":\"https:\\\/\\\/iwood-solutions.com\\\/de\\\/#organization\"},\"potentialAction\":[{\"@type\":\"SearchAction\",\"target\":{\"@type\":\"EntryPoint\",\"urlTemplate\":\"https:\\\/\\\/iwood-solutions.com\\\/de\\\/?s={search_term_string}\"},\"query-input\":{\"@type\":\"PropertyValueSpecification\",\"valueRequired\":true,\"valueName\":\"search_term_string\"}}],\"inLanguage\":\"de\"},{\"@type\":\"Organization\",\"@id\":\"https:\\\/\\\/iwood-solutions.com\\\/de\\\/#organization\",\"name\":\"iWood\",\"url\":\"https:\\\/\\\/iwood-solutions.com\\\/de\\\/\",\"logo\":{\"@type\":\"ImageObject\",\"inLanguage\":\"de\",\"@id\":\"https:\\\/\\\/iwood-solutions.com\\\/de\\\/#\\\/schema\\\/logo\\\/image\\\/\",\"url\":\"https:\\\/\\\/iwood-solutions.com\\\/wp-content\\\/uploads\\\/2026\\\/04\\\/cropped-IWOOD_LOGO_DARK-e1776466684737.png\",\"contentUrl\":\"https:\\\/\\\/iwood-solutions.com\\\/wp-content\\\/uploads\\\/2026\\\/04\\\/cropped-IWOOD_LOGO_DARK-e1776466684737.png\",\"width\":250,\"height\":49,\"caption\":\"iWood\"},\"image\":{\"@id\":\"https:\\\/\\\/iwood-solutions.com\\\/de\\\/#\\\/schema\\\/logo\\\/image\\\/\"}}]}<\/script>\n<!-- \/ Yoast SEO plugin. -->","yoast_head_json":{"title":"Datenschutzerkl\u00e4rung - iWood | Natural Intelligence","robots":{"index":"index","follow":"follow","max-snippet":"max-snippet:-1","max-image-preview":"max-image-preview:large","max-video-preview":"max-video-preview:-1"},"canonical":"https:\/\/iwood-solutions.com\/de\/datenschutzerklaerung\/","og_locale":"de_DE","og_type":"article","og_title":"Datenschutzerkl\u00e4rung - iWood | Natural Intelligence","og_description":"Datenschutzerkl\u00e4rung VERANTWORTLICHER F\u00dcR PERSONENBEZOGENE DATEN Unternehmen: Paulownia A1 Agroforestry SLUSt-IdNr.: B91986547Adresse: Ctra. Nacional 332, Km. 253, 46410 Sueca, Valencia, SpanienE-Mail: info@ipaulownia.comWebsite: https:\/\/iwood-solutions.com Wir informieren Sie, dass die Website https:\/\/iwood-solutions.com, deren Inhaber Paulownia A1 Agroforestry SL ist (im Folgenden \u201edas Portal oder die Website\u201c), die Richtlinien der geltenden Datenschutzgesetzgebung einh\u00e4lt, insbesondere die Verordnung (EU) 2016\/679 vom [&hellip;]","og_url":"https:\/\/iwood-solutions.com\/de\/datenschutzerklaerung\/","og_site_name":"iWood | Natural Intelligence","article_modified_time":"2025-11-12T10:57:07+00:00","twitter_card":"summary_large_image","twitter_misc":{"Gesch\u00e4tzte Lesezeit":"3\u00a0Minuten"},"schema":{"@context":"https:\/\/schema.org","@graph":[{"@type":"WebPage","@id":"https:\/\/iwood-solutions.com\/de\/datenschutzerklaerung\/","url":"https:\/\/iwood-solutions.com\/de\/datenschutzerklaerung\/","name":"Datenschutzerkl\u00e4rung - iWood | Natural Intelligence","isPartOf":{"@id":"https:\/\/iwood-solutions.com\/de\/#website"},"datePublished":"2024-06-04T14:29:02+00:00","dateModified":"2025-11-12T10:57:07+00:00","breadcrumb":{"@id":"https:\/\/iwood-solutions.com\/de\/datenschutzerklaerung\/#breadcrumb"},"inLanguage":"de","potentialAction":[{"@type":"ReadAction","target":["https:\/\/iwood-solutions.com\/de\/datenschutzerklaerung\/"]}]},{"@type":"BreadcrumbList","@id":"https:\/\/iwood-solutions.com\/de\/datenschutzerklaerung\/#breadcrumb","itemListElement":[{"@type":"ListItem","position":1,"name":"Portada","item":"https:\/\/iwood-solutions.com\/de\/nachhaltige-paulownia-holz-kaufen-2\/"},{"@type":"ListItem","position":2,"name":"Datenschutzerkl\u00e4rung"}]},{"@type":"WebSite","@id":"https:\/\/iwood-solutions.com\/de\/#website","url":"https:\/\/iwood-solutions.com\/de\/","name":"iWood","description":"Intelligent Wood Solutions","publisher":{"@id":"https:\/\/iwood-solutions.com\/de\/#organization"},"potentialAction":[{"@type":"SearchAction","target":{"@type":"EntryPoint","urlTemplate":"https:\/\/iwood-solutions.com\/de\/?s={search_term_string}"},"query-input":{"@type":"PropertyValueSpecification","valueRequired":true,"valueName":"search_term_string"}}],"inLanguage":"de"},{"@type":"Organization","@id":"https:\/\/iwood-solutions.com\/de\/#organization","name":"iWood","url":"https:\/\/iwood-solutions.com\/de\/","logo":{"@type":"ImageObject","inLanguage":"de","@id":"https:\/\/iwood-solutions.com\/de\/#\/schema\/logo\/image\/","url":"https:\/\/iwood-solutions.com\/wp-content\/uploads\/2026\/04\/cropped-IWOOD_LOGO_DARK-e1776466684737.png","contentUrl":"https:\/\/iwood-solutions.com\/wp-content\/uploads\/2026\/04\/cropped-IWOOD_LOGO_DARK-e1776466684737.png","width":250,"height":49,"caption":"iWood"},"image":{"@id":"https:\/\/iwood-solutions.com\/de\/#\/schema\/logo\/image\/"}}]}},"_links":{"self":[{"href":"https:\/\/iwood-solutions.com\/de\/wp-json\/wp\/v2\/pages\/17016","targetHints":{"allow":["GET"]}}],"collection":[{"href":"https:\/\/iwood-solutions.com\/de\/wp-json\/wp\/v2\/pages"}],"about":[{"href":"https:\/\/iwood-solutions.com\/de\/wp-json\/wp\/v2\/types\/page"}],"author":[{"embeddable":true,"href":"https:\/\/iwood-solutions.com\/de\/wp-json\/wp\/v2\/users\/1"}],"replies":[{"embeddable":true,"href":"https:\/\/iwood-solutions.com\/de\/wp-json\/wp\/v2\/comments?post=17016"}],"version-history":[{"count":4,"href":"https:\/\/iwood-solutions.com\/de\/wp-json\/wp\/v2\/pages\/17016\/revisions"}],"predecessor-version":[{"id":22202,"href":"https:\/\/iwood-solutions.com\/de\/wp-json\/wp\/v2\/pages\/17016\/revisions\/22202"}],"wp:attachment":[{"href":"https:\/\/iwood-solutions.com\/de\/wp-json\/wp\/v2\/media?parent=17016"}],"curies":[{"name":"wp","href":"https:\/\/api.w.org\/{rel}","templated":true}]}}