{"id":29181,"date":"2026-05-12T23:10:37","date_gmt":"2026-05-12T21:10:37","guid":{"rendered":"https:\/\/iwood-solutions.com\/surf-intelligence\/"},"modified":"2026-05-15T16:37:32","modified_gmt":"2026-05-15T14:37:32","slug":"surf-intelligence","status":"publish","type":"page","link":"https:\/\/iwood-solutions.com\/en\/surf-intelligence\/","title":{"rendered":"Surf Intelligence"},"content":{"rendered":"\t\t<div data-elementor-type=\"wp-page\" data-elementor-id=\"29181\" class=\"elementor elementor-29181 elementor-28704\" data-elementor-post-type=\"page\">\n\t\t\t\t<div class=\"elementor-element elementor-element-5bde1b7 e-con-full e-flex e-con e-parent\" data-id=\"5bde1b7\" data-element_type=\"container\" data-e-type=\"container\">\n\t\t\t\t<div class=\"elementor-element elementor-element-61b48d9f elementor-widget elementor-widget-text-editor\" data-id=\"61b48d9f\" data-element_type=\"widget\" data-e-type=\"widget\" data-widget_type=\"text-editor.default\">\n\t\t\t\t<div class=\"elementor-widget-container\">\n\t\t\t\t\t\t\t\t\t<h2 class=\"wp-block-heading\"> <\/h2>\t\t\t\t\t\t\t\t<\/div>\n\t\t\t\t<\/div>\n\t\t\t\t<\/div>\n\t\t<div class=\"elementor-element elementor-element-1483196 e-con-full e-flex e-con e-parent\" data-id=\"1483196\" data-element_type=\"container\" data-e-type=\"container\">\n\t\t\t\t<div class=\"elementor-element elementor-element-60b4f2b elementor-widget elementor-widget-html\" data-id=\"60b4f2b\" data-element_type=\"widget\" data-e-type=\"widget\" data-widget_type=\"html.default\">\n\t\t\t\t<div class=\"elementor-widget-container\">\n\t\t\t\t\t<style>\/* =========================\nGLOBAL\n========================= *\/\n\n.wk-si{\n  background:#0c1a2a;\n  color:#fff;\n  overflow:hidden;\n  font-family:inherit;\n}\n\n.wk-si *{\n  box-sizing:border-box;\n}\n\n.wk-si-wrap{\n  max-width:1400px;\n  margin:0 auto;\n}\n\n\/* =========================\nHERO\n========================= *\/\n\n.wk-si-hero{\n  position:relative;\n  min-height:88vh;\n  display:flex;\n  align-items:center;\n}\n\n.wk-si-hero-bg{\n  position:absolute;\n  inset:0;\n}\n\n.wk-si-hero-bg img{\n  width:100%;\n  height:100%;\n  object-fit:cover;\n  display:block;\n}\n\n.wk-si-hero-overlay{\n  position:absolute;\n  inset:0;\n  background:\n  linear-gradient(\n    90deg,\n    rgba(12,26,42,.96) 0%,\n    rgba(12,26,42,.72) 42%,\n    rgba(12,26,42,.28) 100%\n  );\n}\n\n.wk-si-hero-content{\n  position:relative;\n  z-index:2;\n  max-width:760px;\n  padding:8vw 6vw;\n}\n\n.wk-si-hero-content span{\n  display:block;\n  margin-bottom:18px;\n  color:#c8a97e;\n  font-size:11px;\n  letter-spacing:3px;\n  text-transform:uppercase;\n  font-weight:900;\n}\n\n.wk-si-hero-content h1{\n  margin:0 0 28px;\n  font-size:clamp(62px,10vw,150px);\n  line-height:.86;\n  letter-spacing:-6px;\n  text-transform:uppercase;\n}\n\n.wk-si-hero-content p{\n  max-width:560px;\n  margin:0 0 42px;\n  color:rgba(255,255,255,.78);\n  font-size:19px;\n  line-height:1.7;\n}\n\n.wk-si-hero-actions{\n  display:flex;\n  flex-wrap:wrap;\n  gap:14px;\n}\n\n.wk-si-hero-actions a{\n  padding:16px 22px;\n  border:1px solid rgba(200,169,126,.4);\n  color:#fff;\n  text-decoration:none;\n  text-transform:uppercase;\n  letter-spacing:1.8px;\n  font-size:11px;\n  font-weight:900;\n}\n\n.wk-si-hero-actions a:hover{\n  border-color:#c8a97e;\n  color:#c8a97e;\n}\n\n\/* =========================\nINTRO\n========================= *\/\n\n.wk-si-intro{\n  padding:120px 24px 80px;\n}\n\n.wk-si-intro-grid{\n  display:grid;\n  grid-template-columns:1fr 1fr;\n  gap:48px;\n  align-items:center;\n}\n\n.wk-si-intro-copy span{\n  display:block;\n  margin-bottom:16px;\n  color:#c8a97e;\n  font-size:11px;\n  letter-spacing:3px;\n  text-transform:uppercase;\n  font-weight:900;\n}\n\n.wk-si-intro-copy h2{\n  margin:0 0 28px;\n  font-size:clamp(42px,7vw,92px);\n  line-height:.9;\n  letter-spacing:-3px;\n  text-transform:uppercase;\n}\n\n.wk-si-intro-copy p{\n  max-width:620px;\n  margin:0;\n  color:rgba(255,255,255,.72);\n  line-height:1.8;\n  font-size:18px;\n}\n\n.wk-si-intro-image{\n  min-height:520px;\n  background:#172538;\n}\n\n.wk-si-intro-image img{\n  width:100%;\n  height:100%;\n  object-fit:cover;\n  display:block;\n}\n\n\/* =========================\nQUIZ GRID\n========================= *\/\n\n.wk-si-quizzes{\n  padding:40px 24px 120px;\n}\n\n.wk-si-quizzes-head{\n  margin-bottom:48px;\n}\n\n.wk-si-quizzes-head span{\n  display:block;\n  margin-bottom:16px;\n  color:#c8a97e;\n  font-size:11px;\n  letter-spacing:3px;\n  text-transform:uppercase;\n  font-weight:900;\n}\n\n.wk-si-quizzes-head h2{\n  margin:0;\n  font-size:clamp(42px,7vw,82px);\n  line-height:.92;\n  letter-spacing:-3px;\n  text-transform:uppercase;\n}\n\n.wk-si-grid{\n  display:grid;\n  grid-template-columns:repeat(3,1fr);\n  gap:24px;\n}\n\n.wk-si-card{\n  position:relative;\n  overflow:hidden;\n  min-height:420px;\n  border:1px solid rgba(255,255,255,.08);\n  background:#111f31;\n}\n\n.wk-si-card-image{\n  position:absolute;\n  inset:0;\n}\n\n.wk-si-card-image img{\n  width:100%;\n  height:100%;\n  object-fit:cover;\n  display:block;\n  transition:transform .5s ease;\n}\n\n.wk-si-card-overlay{\n  position:absolute;\n  inset:0;\n  background:\n  linear-gradient(\n    180deg,\n    rgba(12,26,42,.08) 0%,\n    rgba(12,26,42,.94) 100%\n  );\n}\n\n.wk-si-card:hover .wk-si-card-image img{\n  transform:scale(1.04);\n}\n\n.wk-si-card-content{\n  position:relative;\n  z-index:2;\n  padding:32px;\n  height:100%;\n  display:flex;\n  flex-direction:column;\n  justify-content:flex-end;\n}\n\n.wk-si-card-content small{\n  display:block;\n  margin-bottom:14px;\n  color:#c8a97e;\n  font-size:11px;\n  letter-spacing:3px;\n  font-weight:900;\n}\n\n.wk-si-card-content h3{\n  margin:0 0 18px;\n  font-size:38px;\n  line-height:.95;\n  letter-spacing:-2px;\n  text-transform:uppercase;\n}\n\n.wk-si-card-content p{\n  margin:0 0 26px;\n  color:rgba(255,255,255,.72);\n  line-height:1.7;\n}\n\n.wk-si-card-content a{\n  align-self:flex-start;\n  padding:14px 18px;\n  border:1px solid rgba(200,169,126,.35);\n  color:#fff;\n  text-decoration:none;\n  text-transform:uppercase;\n  letter-spacing:1.5px;\n  font-size:11px;\n  font-weight:900;\n}\n\n.wk-si-card-content a:hover{\n  border-color:#c8a97e;\n  color:#c8a97e;\n}\n\n.wk-si-card-content h3{\n  position:relative;\n  z-index:3;\n  color:#f2f2f0;\n  text-shadow:\n    0 2px 12px rgba(0,0,0,.55),\n    0 0 24px rgba(0,0,0,.35);\n}\n\n\/* oscurecer ligeramente zona inferior *\/\n.wk-si-card-overlay{\n  background:\n  linear-gradient(\n    180deg,\n    rgba(12,26,42,.12) 0%,\n    rgba(12,26,42,.82) 52%,\n    rgba(12,26,42,.96) 100%\n  );\n}\n\n\/* =========================\nFINAL CTA\n========================= *\/\n\n.wk-si-final{\n  padding:120px 24px;\n  text-align:center;\n  border-top:1px solid rgba(255,255,255,.08);\n}\n\n.wk-si-final span{\n  display:block;\n  margin-bottom:16px;\n  color:#c8a97e;\n  font-size:11px;\n  letter-spacing:3px;\n  text-transform:uppercase;\n  font-weight:900;\n}\n\n.wk-si-final h2{\n  max-width:980px;\n  margin:0 auto 28px;\n  font-size:clamp(46px,7vw,110px);\n  line-height:.88;\n  letter-spacing:-4px;\n  text-transform:uppercase;\n}\n\n.wk-si-final p{\n  max-width:720px;\n  margin:0 auto 42px;\n  color:rgba(255,255,255,.72);\n  font-size:18px;\n  line-height:1.7;\n}\n\n.wk-si-final-actions{\n  display:flex;\n  justify-content:center;\n  flex-wrap:wrap;\n  gap:14px;\n}\n\n.wk-si-final-actions a{\n  padding:16px 22px;\n  border:1px solid rgba(200,169,126,.4);\n  color:#fff;\n  text-decoration:none;\n  text-transform:uppercase;\n  letter-spacing:1.8px;\n  font-size:11px;\n  font-weight:900;\n}\n\n.wk-si-final-actions a:hover{\n  border-color:#c8a97e;\n  color:#c8a97e;\n}\n\n\/* =========================\nRESPONSIVE\n========================= *\/\n\n@media(max-width:1024px){\n\n  .wk-si-grid{\n    grid-template-columns:1fr 1fr;\n  }\n\n  .wk-si-intro-grid{\n    grid-template-columns:1fr;\n  }\n\n}\n\n@media(max-width:767px){\n\n  .wk-si-hero{\n    min-height:78vh;\n  }\n\n  .wk-si-hero-content{\n    padding:96px 24px;\n  }\n\n  .wk-si-hero-content h1{\n    font-size:72px;\n    letter-spacing:-3px;\n  }\n\n  .wk-si-intro{\n    padding:72px 24px 42px;\n  }\n\n  .wk-si-quizzes{\n    padding:24px 24px 72px;\n  }\n\n  .wk-si-grid{\n    grid-template-columns:1fr;\n  }\n\n  .wk-si-card{\n    min-height:360px;\n  }\n\n  .wk-si-card-content h3{\n    font-size:30px;\n  }\n\n  .wk-si-final{\n    padding:72px 24px;\n  }\n\n  .wk-si-final h2{\n    font-size:52px;\n    letter-spacing:-2px;\n  }\n\n}\n\n<\/style><section class=\"wk-si\"><!-- HERO --><section class=\"wk-si-hero\"><div class=\"wk-si-hero-bg\"><img decoding=\"async\" src=\"https:\/\/iwood-solutions.com\/wp-content\/uploads\/2026\/05\/TRIVIA-CARDS-WOODKIT-PRO-SURF-INTELLIGENCE-SURF-HERO-scaled.png\" alt=\"Surf Intelligence\"><\/div><div class=\"wk-si-hero-overlay\"><\/div><div class=\"wk-si-hero-content\"><span>\/\/ SURF INTELLIGENCE<\/span><h1>Knowledge<br\/>Is<br\/>Performance.\n      <\/h1><p>Explora ingenier\u00eda, materiales, shaping, construcci\u00f3n y cultura surf a trav\u00e9s de experiencias interactivas dise\u00f1adas para builders, riders y mentes curiosas.\n      <\/p><div class=\"wk-si-hero-actions\"><a href=\"https:\/\/iwood-solutions.com\/surf-trivia\/\">Surf Trivia<\/a><a href=\"https:\/\/iwood-solutions.com\/build-trivia\/\">Build Trivia<\/a><a href=\"https:\/\/iwood-solutions.com\/en\/engineering-trivia\/\">Engineering Trivia<\/a><\/div><\/div><\/section><!-- INTRO --><section class=\"wk-si-intro\"><div class=\"wk-si-wrap\"><div class=\"wk-si-intro-grid\"><div class=\"wk-si-intro-copy\"><span>\/\/ EL SISTEMA DE CONOCIMIENTO<\/span><h2>Un ecosistema interactivo de cuestionarios de surf.\n          <\/h2><p>SURF INTELLIGENCE transforma informaci\u00f3n t\u00e9cnica, hidrodin\u00e1mica, estructural y cultural en desaf\u00edos din\u00e1micos inspirados en ingenier\u00eda real, shaping y construcci\u00f3n de tablas de surf de madera hueca (hollow wood surfboards).\n          <\/p><\/div><div class=\"wk-si-intro-image\"><img decoding=\"async\" src=\"https:\/\/iwood-solutions.com\/wp-content\/uploads\/2026\/05\/TRIVIA-CARDS-WOODKIT-PRO-SURF-INTELLIGENCE-SURF-WORKSHOP.png\" alt=\"Surf Engineering\"><\/div><\/div><\/div><\/section><!-- QUIZZES --><section class=\"wk-si-quizzes\"><div class=\"wk-si-wrap\"><div class=\"wk-si-quizzes-head\"><span>\/\/ PONTE A PRUEBA<\/span><h2>Desaf\u00edos T\u00e9cnicos<\/h2><\/div><\/div><div class=\"wk-si-grid\"><!-- CARD --><div class=\"wk-si-card\"><div class=\"wk-si-card-image\"><img decoding=\"async\" src=\"https:\/\/iwood-solutions.com\/wp-content\/uploads\/2026\/05\/TRIVIA-CARDS-WOODKIT-PRO-SURF-INTELLIGENCE-SURF.png\"\" alt=\"\"><\/div><div class=\"wk-si-card-overlay\"><\/div><div class=\"wk-si-card-content\"><small>01<\/small><h3>DESAF\u00cdO SURF<\/h3><p>Cultura surf, shaping, industria, sostenibilidad y conocimiento general interactivo.\n            <\/p><a href=\"https:\/\/iwood-solutions.com\/surf-trivia\/\">INICIAR   \n            <\/a><\/div><\/div><!-- CARD --><div class=\"wk-si-card\"><div class=\"wk-si-card-image\"><img decoding=\"async\" src=\"https:\/\/iwood-solutions.com\/wp-content\/uploads\/2026\/05\/TRIVIA-CARDS-WOODKIT-PRO-SURF-INTELLIGENCE-SURD-MODEL-DNA.png\" alt=\"\"><\/div><div class=\"wk-si-card-overlay\"><\/div><div class=\"wk-si-card-content\"><small>02<\/small><h3>DNA DEL MODELO<\/h3><p>Comprende c\u00f3mo volumen, outline y rocker cambian el comportamiento real de una tabla.\n            <\/p><a href=\"https:\/\/iwood-solutions.com\/en\/model-dna-trivia\/\">INICIAR   \n            <\/a><\/div><\/div><!-- CARD --><div class=\"wk-si-card\"><div class=\"wk-si-card-image\"><img decoding=\"async\" src=\"https:\/\/iwood-solutions.com\/wp-content\/uploads\/2026\/05\/TRIVIA-CARDS-WOODKIT-PRO-SURF-INTELLIGENCE-SURF-SHAPING-scaled.png\" alt=\"\"><\/div><div class=\"wk-si-card-overlay\"><\/div><div class=\"wk-si-card-content\"><small>03<\/small><h3>DESAF\u00cdO DE CONSTRUCCI\u00d3N<\/h3><p>Aprende ensamblaje, glassing, epoxy y workflow real de construcci\u00f3n.\n            <\/p><a href=\"https:\/\/iwood-solutions.com\/build-trivia\/\">INICIAR\n            <\/a><\/div><\/div><!-- CARD --><div class=\"wk-si-card\"><div class=\"wk-si-card-image\"><img decoding=\"async\" src=\"https:\/\/iwood-solutions.com\/wp-content\/uploads\/2026\/05\/TRIVIA-CARDS-WOODKIT-PRO-SURF-INTELLIGENCE-SURF-MATERIALS.png\" alt=\"\"><\/div><div class=\"wk-si-card-overlay\"><\/div><div class=\"wk-si-card-content\"><small>04<\/small><h3>DESAF\u00cdO MATERIALES<\/h3><p>Descubre c\u00f3mo madera, fibra y epoxy afectan rendimiento y sostenibilidad.\n            <\/p><a href=\"https:\/\/iwood-solutions.com\/materials-trivia\/\">INICIAR\n            <\/a><\/div><\/div><!-- CARD --><div class=\"wk-si-card\"><div class=\"wk-si-card-image\"><img decoding=\"async\" src=\"https:\/\/iwood-solutions.com\/wp-content\/uploads\/2026\/05\/TRIVIA-CARDS-WOODKIT-PRO-SURF-INTELLIGENCE-SURF-MODEL-DETAILS.png\" alt=\"\"><\/div><div class=\"wk-si-card-overlay\"><\/div><div class=\"wk-si-card-content\"><small>05<\/small><h3>DESAF\u00cdO INGENIER\u00cdA<\/h3><p>Hidrodin\u00e1mica, rails, rocker, flex y precisi\u00f3n estructural aplicada al surf.\n            <\/p><a href=\"https:\/\/iwood-solutions.com\/en\/engineering-trivia\/\">INICIAR\n            <\/a><\/div><\/div><!-- CARD --><div class=\"wk-si-card\"><div class=\"wk-si-card-image\"><img decoding=\"async\" src=\"https:\/\/iwood-solutions.com\/wp-content\/uploads\/2026\/05\/TRIVIA-CARDS-WOODKIT-PRO-SURF-INTELLIGENCE-SURF-SUSTAINABILITY.png\" alt=\"\"><\/div><div class=\"wk-si-card-overlay\"><\/div><div class=\"wk-si-card-content\"><small>06<\/small><h3>RETO SOSTENIBLE<\/h3><p>Ecoboards, toxicidad, materiales alternativos y evoluci\u00f3n ecol\u00f3gica del surf.\n            <\/p><a href=\"\/sustainability-trivia\/\">INICIAR\n            <\/a><\/div><\/div><\/div><\/div><\/section><!-- FINAL --><section class=\"wk-si-final\"><span>\/\/ CONTINUE EXPLORING<\/span><h2>El surf tambi\u00e9n puede ser conocimiento.\n    <\/h2><p>SURF INTELLIGENCE conecta ingenier\u00eda, cultura, materiales y construcci\u00f3n en un sistema interactivo dise\u00f1ado para aprender explorando.\n    <\/p><div class=\"wk-si-final-actions\"><a href=\"https:\/\/iwood-solutions.com\/en\/shop\/\">SURF KITS\n      <\/a><a href=\"https:\/\/iwood-solutions.com\/recursos\/\">BUILD RESOURCES\n      <\/a><a href=\"https:\/\/iwood-solutions.com\/surf-trivia\/\">START QUIZZES\n      <\/a><\/div><\/section><\/section>\t\t\t\t<\/div>\n\t\t\t\t<\/div>\n\t\t\t\t<\/div>\n\t\t\t\t<\/div>\n\t\t","protected":false},"excerpt":{"rendered":"<p>\/* ========================= GLOBAL ========================= *\/ .wk-si{ background:#0c1a2a; color:#fff; overflow:hidden; font-family:inherit; } .wk-si *{ box-sizing:border-box; } .wk-si-wrap{ max-width:1400px; margin:0 auto; } \/* ========================= HERO ========================= *\/ .wk-si-hero{ position:relative; min-height:88vh; display:flex; align-items:center; } .wk-si-hero-bg{ position:absolute; inset:0; } .wk-si-hero-bg img{ width:100%; height:100%; object-fit:cover; display:block; } .wk-si-hero-overlay{ position:absolute; inset:0; background: linear-gradient( 90deg, rgba(12,26,42,.96) 0%, rgba(12,26,42,.72) 42%, rgba(12,26,42,.28) 100% ); [&hellip;]<\/p>\n","protected":false},"author":14,"featured_media":0,"parent":0,"menu_order":0,"comment_status":"closed","ping_status":"closed","template":"elementor_header_footer","meta":{"_acf_changed":false,"footnotes":""},"class_list":["post-29181","page","type-page","status-publish","hentry"],"acf":[],"yoast_head":"<!-- This site is optimized with the Yoast SEO plugin v27.6 - https:\/\/yoast.com\/product\/yoast-seo-wordpress\/ -->\n<title>Surf Intelligence | iWood | Natural Intelligence<\/title>\n<meta name=\"robots\" content=\"index, follow, max-snippet:-1, max-image-preview:large, max-video-preview:-1\" \/>\n<link rel=\"canonical\" href=\"https:\/\/iwood-solutions.com\/en\/surf-intelligence\/\" \/>\n<meta property=\"og:locale\" content=\"en_US\" \/>\n<meta property=\"og:type\" content=\"article\" \/>\n<meta property=\"og:title\" content=\"Surf Intelligence | iWood | Natural Intelligence\" \/>\n<meta property=\"og:description\" content=\"\/* ========================= GLOBAL ========================= *\/ .wk-si{ background:#0c1a2a; color:#fff; overflow:hidden; font-family:inherit; } .wk-si *{ box-sizing:border-box; } .wk-si-wrap{ max-width:1400px; margin:0 auto; } \/* ========================= HERO ========================= *\/ .wk-si-hero{ position:relative; min-height:88vh; display:flex; align-items:center; } .wk-si-hero-bg{ position:absolute; inset:0; } .wk-si-hero-bg img{ width:100%; height:100%; object-fit:cover; display:block; } .wk-si-hero-overlay{ position:absolute; inset:0; background: linear-gradient( 90deg, rgba(12,26,42,.96) 0%, rgba(12,26,42,.72) 42%, rgba(12,26,42,.28) 100% ); [&hellip;]\" \/>\n<meta property=\"og:url\" content=\"https:\/\/iwood-solutions.com\/en\/surf-intelligence\/\" \/>\n<meta property=\"og:site_name\" content=\"iWood | Natural Intelligence\" \/>\n<meta property=\"article:modified_time\" content=\"2026-05-15T14:37:32+00:00\" \/>\n<meta property=\"og:image\" content=\"https:\/\/iwood-solutions.com\/wp-content\/uploads\/2026\/05\/TRIVIA-CARDS-WOODKIT-PRO-SURF-INTELLIGENCE-SURF-HERO-scaled.png\" \/>\n<meta name=\"twitter:card\" content=\"summary_large_image\" \/>\n<meta name=\"twitter:label1\" content=\"Est. reading time\" \/>\n\t<meta name=\"twitter:data1\" content=\"4 minutes\" \/>\n<script type=\"application\/ld+json\" class=\"yoast-schema-graph\">{\"@context\":\"https:\\\/\\\/schema.org\",\"@graph\":[{\"@type\":\"WebPage\",\"@id\":\"https:\\\/\\\/iwood-solutions.com\\\/en\\\/surf-intelligence\\\/\",\"url\":\"https:\\\/\\\/iwood-solutions.com\\\/en\\\/surf-intelligence\\\/\",\"name\":\"Surf Intelligence | iWood | Natural Intelligence\",\"isPartOf\":{\"@id\":\"https:\\\/\\\/iwood-solutions.com\\\/en\\\/#website\"},\"primaryImageOfPage\":{\"@id\":\"https:\\\/\\\/iwood-solutions.com\\\/en\\\/surf-intelligence\\\/#primaryimage\"},\"image\":{\"@id\":\"https:\\\/\\\/iwood-solutions.com\\\/en\\\/surf-intelligence\\\/#primaryimage\"},\"thumbnailUrl\":\"https:\\\/\\\/iwood-solutions.com\\\/wp-content\\\/uploads\\\/2026\\\/05\\\/TRIVIA-CARDS-WOODKIT-PRO-SURF-INTELLIGENCE-SURF-HERO-scaled.png\",\"datePublished\":\"2026-05-12T21:10:37+00:00\",\"dateModified\":\"2026-05-15T14:37:32+00:00\",\"breadcrumb\":{\"@id\":\"https:\\\/\\\/iwood-solutions.com\\\/en\\\/surf-intelligence\\\/#breadcrumb\"},\"inLanguage\":\"en-US\",\"potentialAction\":[{\"@type\":\"ReadAction\",\"target\":[\"https:\\\/\\\/iwood-solutions.com\\\/en\\\/surf-intelligence\\\/\"]}]},{\"@type\":\"ImageObject\",\"inLanguage\":\"en-US\",\"@id\":\"https:\\\/\\\/iwood-solutions.com\\\/en\\\/surf-intelligence\\\/#primaryimage\",\"url\":\"https:\\\/\\\/iwood-solutions.com\\\/wp-content\\\/uploads\\\/2026\\\/05\\\/TRIVIA-CARDS-WOODKIT-PRO-SURF-INTELLIGENCE-SURF-HERO-scaled.png\",\"contentUrl\":\"https:\\\/\\\/iwood-solutions.com\\\/wp-content\\\/uploads\\\/2026\\\/05\\\/TRIVIA-CARDS-WOODKIT-PRO-SURF-INTELLIGENCE-SURF-HERO-scaled.png\"},{\"@type\":\"BreadcrumbList\",\"@id\":\"https:\\\/\\\/iwood-solutions.com\\\/en\\\/surf-intelligence\\\/#breadcrumb\",\"itemListElement\":[{\"@type\":\"ListItem\",\"position\":1,\"name\":\"Portada\",\"item\":\"https:\\\/\\\/iwood-solutions.com\\\/en\\\/\"},{\"@type\":\"ListItem\",\"position\":2,\"name\":\"Surf Intelligence\"}]},{\"@type\":\"WebSite\",\"@id\":\"https:\\\/\\\/iwood-solutions.com\\\/en\\\/#website\",\"url\":\"https:\\\/\\\/iwood-solutions.com\\\/en\\\/\",\"name\":\"iWood Solutions by WOODKIT.PRO\",\"description\":\"Intelligent Wood Solutions\",\"potentialAction\":[{\"@type\":\"SearchAction\",\"target\":{\"@type\":\"EntryPoint\",\"urlTemplate\":\"https:\\\/\\\/iwood-solutions.com\\\/en\\\/?s={search_term_string}\"},\"query-input\":{\"@type\":\"PropertyValueSpecification\",\"valueRequired\":true,\"valueName\":\"search_term_string\"}}],\"inLanguage\":\"en-US\"}]}<\/script>\n<!-- \/ Yoast SEO plugin. -->","yoast_head_json":{"title":"Surf Intelligence | iWood | Natural Intelligence","robots":{"index":"index","follow":"follow","max-snippet":"max-snippet:-1","max-image-preview":"max-image-preview:large","max-video-preview":"max-video-preview:-1"},"canonical":"https:\/\/iwood-solutions.com\/en\/surf-intelligence\/","og_locale":"en_US","og_type":"article","og_title":"Surf Intelligence | iWood | Natural Intelligence","og_description":"\/* ========================= GLOBAL ========================= *\/ .wk-si{ background:#0c1a2a; color:#fff; overflow:hidden; font-family:inherit; } .wk-si *{ box-sizing:border-box; } .wk-si-wrap{ max-width:1400px; margin:0 auto; } \/* ========================= HERO ========================= *\/ .wk-si-hero{ position:relative; min-height:88vh; display:flex; align-items:center; } .wk-si-hero-bg{ position:absolute; inset:0; } .wk-si-hero-bg img{ width:100%; height:100%; object-fit:cover; display:block; } .wk-si-hero-overlay{ position:absolute; inset:0; background: linear-gradient( 90deg, rgba(12,26,42,.96) 0%, rgba(12,26,42,.72) 42%, rgba(12,26,42,.28) 100% ); [&hellip;]","og_url":"https:\/\/iwood-solutions.com\/en\/surf-intelligence\/","og_site_name":"iWood | Natural Intelligence","article_modified_time":"2026-05-15T14:37:32+00:00","og_image":[{"url":"https:\/\/iwood-solutions.com\/wp-content\/uploads\/2026\/05\/TRIVIA-CARDS-WOODKIT-PRO-SURF-INTELLIGENCE-SURF-HERO-scaled.png","type":"","width":"","height":""}],"twitter_card":"summary_large_image","twitter_misc":{"Est. reading time":"4 minutes"},"schema":{"@context":"https:\/\/schema.org","@graph":[{"@type":"WebPage","@id":"https:\/\/iwood-solutions.com\/en\/surf-intelligence\/","url":"https:\/\/iwood-solutions.com\/en\/surf-intelligence\/","name":"Surf Intelligence | iWood | Natural Intelligence","isPartOf":{"@id":"https:\/\/iwood-solutions.com\/en\/#website"},"primaryImageOfPage":{"@id":"https:\/\/iwood-solutions.com\/en\/surf-intelligence\/#primaryimage"},"image":{"@id":"https:\/\/iwood-solutions.com\/en\/surf-intelligence\/#primaryimage"},"thumbnailUrl":"https:\/\/iwood-solutions.com\/wp-content\/uploads\/2026\/05\/TRIVIA-CARDS-WOODKIT-PRO-SURF-INTELLIGENCE-SURF-HERO-scaled.png","datePublished":"2026-05-12T21:10:37+00:00","dateModified":"2026-05-15T14:37:32+00:00","breadcrumb":{"@id":"https:\/\/iwood-solutions.com\/en\/surf-intelligence\/#breadcrumb"},"inLanguage":"en-US","potentialAction":[{"@type":"ReadAction","target":["https:\/\/iwood-solutions.com\/en\/surf-intelligence\/"]}]},{"@type":"ImageObject","inLanguage":"en-US","@id":"https:\/\/iwood-solutions.com\/en\/surf-intelligence\/#primaryimage","url":"https:\/\/iwood-solutions.com\/wp-content\/uploads\/2026\/05\/TRIVIA-CARDS-WOODKIT-PRO-SURF-INTELLIGENCE-SURF-HERO-scaled.png","contentUrl":"https:\/\/iwood-solutions.com\/wp-content\/uploads\/2026\/05\/TRIVIA-CARDS-WOODKIT-PRO-SURF-INTELLIGENCE-SURF-HERO-scaled.png"},{"@type":"BreadcrumbList","@id":"https:\/\/iwood-solutions.com\/en\/surf-intelligence\/#breadcrumb","itemListElement":[{"@type":"ListItem","position":1,"name":"Portada","item":"https:\/\/iwood-solutions.com\/en\/"},{"@type":"ListItem","position":2,"name":"Surf Intelligence"}]},{"@type":"WebSite","@id":"https:\/\/iwood-solutions.com\/en\/#website","url":"https:\/\/iwood-solutions.com\/en\/","name":"iWood Solutions by WOODKIT.PRO","description":"Intelligent Wood Solutions","potentialAction":[{"@type":"SearchAction","target":{"@type":"EntryPoint","urlTemplate":"https:\/\/iwood-solutions.com\/en\/?s={search_term_string}"},"query-input":{"@type":"PropertyValueSpecification","valueRequired":true,"valueName":"search_term_string"}}],"inLanguage":"en-US"}]}},"_links":{"self":[{"href":"https:\/\/iwood-solutions.com\/en\/wp-json\/wp\/v2\/pages\/29181","targetHints":{"allow":["GET"]}}],"collection":[{"href":"https:\/\/iwood-solutions.com\/en\/wp-json\/wp\/v2\/pages"}],"about":[{"href":"https:\/\/iwood-solutions.com\/en\/wp-json\/wp\/v2\/types\/page"}],"author":[{"embeddable":true,"href":"https:\/\/iwood-solutions.com\/en\/wp-json\/wp\/v2\/users\/14"}],"replies":[{"embeddable":true,"href":"https:\/\/iwood-solutions.com\/en\/wp-json\/wp\/v2\/comments?post=29181"}],"version-history":[{"count":3,"href":"https:\/\/iwood-solutions.com\/en\/wp-json\/wp\/v2\/pages\/29181\/revisions"}],"predecessor-version":[{"id":29256,"href":"https:\/\/iwood-solutions.com\/en\/wp-json\/wp\/v2\/pages\/29181\/revisions\/29256"}],"wp:attachment":[{"href":"https:\/\/iwood-solutions.com\/en\/wp-json\/wp\/v2\/media?parent=29181"}],"curies":[{"name":"wp","href":"https:\/\/api.w.org\/{rel}","templated":true}]}}