{"id":17506,"date":"2024-06-04T16:29:02","date_gmt":"2024-06-04T14:29:02","guid":{"rendered":"https:\/\/iwood-solutions.com\/politique-de-confidentialite\/"},"modified":"2025-11-12T11:57:07","modified_gmt":"2025-11-12T10:57:07","slug":"politique-de-confidentialite","status":"publish","type":"page","link":"https:\/\/iwood-solutions.com\/fr\/politique-de-confidentialite\/","title":{"rendered":"Politique de confidentialit\u00e9"},"content":{"rendered":"\t\t<div data-elementor-type=\"wp-page\" data-elementor-id=\"17506\" class=\"elementor elementor-17506 elementor-3\" data-elementor-post-type=\"page\">\n\t\t\t\t<div class=\"elementor-element elementor-element-36a3f45 e-flex e-con-boxed e-con e-parent\" data-id=\"36a3f45\" data-element_type=\"container\" data-e-type=\"container\" data-settings=\"{&quot;background_background&quot;:&quot;classic&quot;}\">\n\t\t\t\t\t<div class=\"e-con-inner\">\n\t\t<div class=\"elementor-element elementor-element-c26b2a0 e-con-full e-flex elementor-invisible e-con e-child\" data-id=\"c26b2a0\" data-element_type=\"container\" data-e-type=\"container\" data-settings=\"{&quot;animation&quot;:&quot;fadeIn&quot;}\">\n\t\t\t\t<div class=\"elementor-element elementor-element-acfc94c elementor-widget elementor-widget-heading\" data-id=\"acfc94c\" data-element_type=\"widget\" data-e-type=\"widget\" data-widget_type=\"heading.default\">\n\t\t\t\t<div class=\"elementor-widget-container\">\n\t\t\t\t\t<h1 class=\"elementor-heading-title elementor-size-default\">Politique de confidentialit\u00e9<\/h1>\t\t\t\t<\/div>\n\t\t\t\t<\/div>\n\t\t\t\t<div class=\"elementor-element elementor-element-000b3e3 elementor-widget elementor-widget-text-editor\" data-id=\"000b3e3\" data-element_type=\"widget\" data-e-type=\"widget\" data-widget_type=\"text-editor.default\">\n\t\t\t\t<div class=\"elementor-widget-container\">\n\t\t\t\t\t\t\t\t\t<p><strong>RESPONSABLE DES DONN\u00c9ES PERSONNELLES<\/strong><\/p><p>Entreprise : Paulownia A1 Agroforestry SL<br>CIF : B91986547<br>Adresse : Ctra. Nacional 332, Km. 253, 46410 Sueca, Valencia, Espa\u00f1a<br>Adresse \u00e9lectronique : info@ipaulownia.com<br>Site web : https:\/\/iwood-solutions.com <\/p><p>Nous vous informons que le site web https:\/\/iwood-solutions.com, dont Paulownia A1 Agroforestry SL est titulaire (ci-apr\u00e8s, \u00ab le portail ou site web \u00bb), respecte les directives de la r\u00e9glementation en vigueur en mati\u00e8re de protection des donn\u00e9es personnelles, le r\u00e8glement (UE) 2016\/679 du 27 avril 2016 (RGPD), ainsi que la LO 3\/2018 du 5 d\u00e9cembre, relative \u00e0 la protection des donn\u00e9es personnelles et \u00e0 la garantie des droits num\u00e9riques.<\/p><p><strong>PRINCIPES DU TRAITEMENT<\/strong><\/p><p>Dans le traitement des donn\u00e9es personnelles, nous appliquerons les principes suivants :<\/p><ul><li><strong>Lic\u00e9it\u00e9, loyaut\u00e9 et transparence :<\/strong> nous demanderons le consentement pour une ou plusieurs finalit\u00e9s sp\u00e9cifiques, en informant pr\u00e9alablement avec transparence.<\/li><li><strong>Minimisation des donn\u00e9es :<\/strong> nous ne demandons que les donn\u00e9es strictement n\u00e9cessaires.<\/li><li><strong>Limitation de la dur\u00e9e de conservation :<\/strong> les donn\u00e9es seront conserv\u00e9es uniquement pendant la dur\u00e9e n\u00e9cessaire aux fins du traitement.<\/li><li><strong>Int\u00e9grit\u00e9 et confidentialit\u00e9 :<\/strong> nous traitons les donn\u00e9es en garantissant la s\u00e9curit\u00e9 et la confidentialit\u00e9 afin d\u2019\u00e9viter les acc\u00e8s non autoris\u00e9s ou les utilisations abusives.<\/li><\/ul><p><strong>DONN\u00c9ES DEMAND\u00c9ES ET FINALIT\u00c9 DU TRAITEMENT<\/strong><\/p><p>En tant qu\u2019utilisateur, vous \u00eates seul responsable de la v\u00e9racit\u00e9 des donn\u00e9es envoy\u00e9es. Celles-ci seront int\u00e9gr\u00e9es \u00e0 nos syst\u00e8mes aux fins suivantes : <\/p><ul><li><strong>Formulaire de contact :<\/strong> r\u00e9pondre aux demandes (nom, pr\u00e9nom, adresse \u00e9lectronique).<\/li><li><strong>Formulaire d\u2019abonnement :<\/strong> envoyer des newsletters et des communications (nom, adresse \u00e9lectronique).<\/li><li><strong>Commentaires sur le blog :<\/strong> g\u00e9rer et publier des commentaires (nom, adresse \u00e9lectronique).<\/li><li><strong>Formulaire de services\/produits :<\/strong> g\u00e9rer la relation contractuelle.<\/li><li><strong>Formulaire d\u2019enqu\u00eates :<\/strong> r\u00e9alisation d\u2019enqu\u00eates li\u00e9es \u00e0 nos services.<\/li><\/ul><p>L\u2019envoi de ces donn\u00e9es implique le consentement expr\u00e8s de l\u2019utilisateur et l\u2019acceptation de cette politique. Il peut \u00e9galement entra\u00eener un transfert international de donn\u00e9es si les fournisseurs sont situ\u00e9s en dehors de l\u2019UE. Les mineurs de moins de 14 ans doivent obtenir le consentement de leurs parents ou tuteurs.  <\/p><p>Le traitement des donn\u00e9es sur les r\u00e9seaux sociaux sera conforme \u00e0 cette politique et aux conditions de chaque r\u00e9seau. Les informations des profils ne seront pas utilis\u00e9es pour la publicit\u00e9 individuelle. <\/p><p><strong>PERSONNES EN CHARGE DU TRAITEMENT<\/strong><\/p><p>Paulownia A1 Agroforestry SL ne c\u00e9dera pas de donn\u00e9es personnelles \u00e0 des tiers, sauf obligation l\u00e9gale. Les personnes en charge du traitement ont souscrit des engagements de confidentialit\u00e9 et de conformit\u00e9 r\u00e9glementaire. <\/p><ul><li><strong>LucusHost S.L.U. :<\/strong> Mar Cant\u00e1brico 23, Entresuelo B, 27004 Lugo. Politique : <a href=\"https:\/\/www.lucushost.com\/aviso-legal\" target=\"_blank\" rel=\"noopener\">lucushost.com<\/a> <\/li><li><strong>Google LLC :<\/strong> 1600 Amphitheatre Parkway, Mountain View, CA, USA. Politique : <a href=\"https:\/\/www.google.com\/intl\/es\/policies\/privacy\/\" target=\"_blank\" rel=\"noopener\">google.com<\/a> <\/li><li><strong>MailerLite Inc. :<\/strong> 548 Market St, San Francisco, CA, USA. Politique : <a href=\"https:\/\/www.mailerlite.com\/es\/legal\/privacy-policy\" target=\"_blank\" rel=\"noopener\">mailerlite.com<\/a> <\/li><\/ul><p>En tant qu\u2019utilisateur, vous pouvez exercer vos droits d\u2019acc\u00e8s, de rectification, d\u2019annulation, d\u2019opposition, de limitation et de portabilit\u00e9 en \u00e9crivant \u00e0 info@ipaulownia.com en indiquant dans l\u2019objet \u00ab Droits ARCO-POL \u00bb et en joignant une photocopie de votre pi\u00e8ce d\u2019identit\u00e9.<\/p><p>Vous pouvez \u00e9galement d\u00e9poser une r\u00e9clamation aupr\u00e8s de l\u2019Agence espagnole de protection des donn\u00e9es (AEPD) : <a href=\"https:\/\/sedeagpd.gob.es\/sede-electronica-web\/\" target=\"_blank\" rel=\"noopener\">sede electr\u00f3nica AEPD<\/a>.<\/p><p><strong>DUR\u00c9E DU TRAITEMENT<\/strong><\/p><p>Les donn\u00e9es seront conserv\u00e9es tant qu\u2019il existe un int\u00e9r\u00eat mutuel ou des responsabilit\u00e9s l\u00e9gales. Une fois le d\u00e9lai \u00e9coul\u00e9, elles seront supprim\u00e9es en toute s\u00e9curit\u00e9. Paulownia A1 Agroforestry SL se r\u00e9serve le droit de modifier cette politique afin de l\u2019adapter aux nouveaut\u00e9s l\u00e9gales.  <\/p><p>Pour toute question relative \u00e0 cette politique, vous pouvez \u00e9crire \u00e0 : info@ipaulownia.com<\/p><p><strong>Date de la derni\u00e8re mise \u00e0 jour :<\/strong> 5 mai 2025.<\/p>\t\t\t\t\t\t\t\t<\/div>\n\t\t\t\t<\/div>\n\t\t\t\t<\/div>\n\t\t\t\t\t<\/div>\n\t\t\t\t<\/div>\n\t\t\t\t<\/div>\n\t\t","protected":false},"excerpt":{"rendered":"<p>Politique de confidentialit\u00e9 RESPONSABLE DES DONN\u00c9ES PERSONNELLES Entreprise : Paulownia A1 Agroforestry SLCIF : B91986547Adresse : Ctra. Nacional 332, Km. 253, 46410 Sueca, Valencia, Espa\u00f1aAdresse \u00e9lectronique : info@ipaulownia.comSite web : https:\/\/iwood-solutions.com Nous vous informons que le site web https:\/\/iwood-solutions.com, dont Paulownia A1 Agroforestry SL est titulaire (ci-apr\u00e8s, \u00ab le portail ou site web \u00bb), respecte [&hellip;]<\/p>\n","protected":false},"author":1,"featured_media":0,"parent":0,"menu_order":0,"comment_status":"closed","ping_status":"closed","template":"template-canvas.php","meta":{"footnotes":""},"class_list":["post-17506","page","type-page","status-publish","hentry"],"yoast_head":"<!-- This site is optimized with the Yoast SEO plugin v27.4 - https:\/\/yoast.com\/product\/yoast-seo-wordpress\/ -->\n<title>Politique de confidentialit\u00e9 - iWood | Natural Intelligence<\/title>\n<meta name=\"robots\" content=\"index, follow, max-snippet:-1, max-image-preview:large, max-video-preview:-1\" \/>\n<link rel=\"canonical\" href=\"https:\/\/iwood-solutions.com\/fr\/politique-de-confidentialite\/\" \/>\n<meta property=\"og:locale\" content=\"fr_FR\" \/>\n<meta property=\"og:type\" content=\"article\" \/>\n<meta property=\"og:title\" content=\"Politique de confidentialit\u00e9 - iWood | Natural Intelligence\" \/>\n<meta property=\"og:description\" content=\"Politique de confidentialit\u00e9 RESPONSABLE DES DONN\u00c9ES PERSONNELLES Entreprise : Paulownia A1 Agroforestry SLCIF : B91986547Adresse : Ctra. Nacional 332, Km. 253, 46410 Sueca, Valencia, Espa\u00f1aAdresse \u00e9lectronique : info@ipaulownia.comSite web : https:\/\/iwood-solutions.com Nous vous informons que le site web https:\/\/iwood-solutions.com, dont Paulownia A1 Agroforestry SL est titulaire (ci-apr\u00e8s, \u00ab le portail ou site web \u00bb), respecte [&hellip;]\" \/>\n<meta property=\"og:url\" content=\"https:\/\/iwood-solutions.com\/fr\/politique-de-confidentialite\/\" \/>\n<meta property=\"og:site_name\" content=\"iWood | Natural Intelligence\" \/>\n<meta property=\"article:modified_time\" content=\"2025-11-12T10:57:07+00:00\" \/>\n<meta name=\"twitter:card\" content=\"summary_large_image\" \/>\n<meta name=\"twitter:label1\" content=\"Dur\u00e9e de lecture estim\u00e9e\" \/>\n\t<meta name=\"twitter:data1\" content=\"3 minutes\" \/>\n<script type=\"application\/ld+json\" class=\"yoast-schema-graph\">{\"@context\":\"https:\\\/\\\/schema.org\",\"@graph\":[{\"@type\":\"WebPage\",\"@id\":\"https:\\\/\\\/iwood-solutions.com\\\/fr\\\/politique-de-confidentialite\\\/\",\"url\":\"https:\\\/\\\/iwood-solutions.com\\\/fr\\\/politique-de-confidentialite\\\/\",\"name\":\"Politique de confidentialit\u00e9 - iWood | Natural Intelligence\",\"isPartOf\":{\"@id\":\"https:\\\/\\\/iwood-solutions.com\\\/fr\\\/#website\"},\"datePublished\":\"2024-06-04T14:29:02+00:00\",\"dateModified\":\"2025-11-12T10:57:07+00:00\",\"breadcrumb\":{\"@id\":\"https:\\\/\\\/iwood-solutions.com\\\/fr\\\/politique-de-confidentialite\\\/#breadcrumb\"},\"inLanguage\":\"fr-FR\",\"potentialAction\":[{\"@type\":\"ReadAction\",\"target\":[\"https:\\\/\\\/iwood-solutions.com\\\/fr\\\/politique-de-confidentialite\\\/\"]}]},{\"@type\":\"BreadcrumbList\",\"@id\":\"https:\\\/\\\/iwood-solutions.com\\\/fr\\\/politique-de-confidentialite\\\/#breadcrumb\",\"itemListElement\":[{\"@type\":\"ListItem\",\"position\":1,\"name\":\"Portada\",\"item\":\"https:\\\/\\\/iwood-solutions.com\\\/fr\\\/acheter-du-bois-de-paulownia-durable-2\\\/\"},{\"@type\":\"ListItem\",\"position\":2,\"name\":\"Politique de confidentialit\u00e9\"}]},{\"@type\":\"WebSite\",\"@id\":\"https:\\\/\\\/iwood-solutions.com\\\/fr\\\/#website\",\"url\":\"https:\\\/\\\/iwood-solutions.com\\\/fr\\\/\",\"name\":\"iWood\",\"description\":\"Intelligent Wood Solutions\",\"publisher\":{\"@id\":\"https:\\\/\\\/iwood-solutions.com\\\/fr\\\/#organization\"},\"potentialAction\":[{\"@type\":\"SearchAction\",\"target\":{\"@type\":\"EntryPoint\",\"urlTemplate\":\"https:\\\/\\\/iwood-solutions.com\\\/fr\\\/?s={search_term_string}\"},\"query-input\":{\"@type\":\"PropertyValueSpecification\",\"valueRequired\":true,\"valueName\":\"search_term_string\"}}],\"inLanguage\":\"fr-FR\"},{\"@type\":\"Organization\",\"@id\":\"https:\\\/\\\/iwood-solutions.com\\\/fr\\\/#organization\",\"name\":\"iWood\",\"url\":\"https:\\\/\\\/iwood-solutions.com\\\/fr\\\/\",\"logo\":{\"@type\":\"ImageObject\",\"inLanguage\":\"fr-FR\",\"@id\":\"https:\\\/\\\/iwood-solutions.com\\\/fr\\\/#\\\/schema\\\/logo\\\/image\\\/\",\"url\":\"https:\\\/\\\/iwood-solutions.com\\\/wp-content\\\/uploads\\\/2026\\\/04\\\/cropped-IWOOD_LOGO_DARK-e1776466684737.png\",\"contentUrl\":\"https:\\\/\\\/iwood-solutions.com\\\/wp-content\\\/uploads\\\/2026\\\/04\\\/cropped-IWOOD_LOGO_DARK-e1776466684737.png\",\"width\":250,\"height\":49,\"caption\":\"iWood\"},\"image\":{\"@id\":\"https:\\\/\\\/iwood-solutions.com\\\/fr\\\/#\\\/schema\\\/logo\\\/image\\\/\"}}]}<\/script>\n<!-- \/ Yoast SEO plugin. -->","yoast_head_json":{"title":"Politique de confidentialit\u00e9 - iWood | Natural Intelligence","robots":{"index":"index","follow":"follow","max-snippet":"max-snippet:-1","max-image-preview":"max-image-preview:large","max-video-preview":"max-video-preview:-1"},"canonical":"https:\/\/iwood-solutions.com\/fr\/politique-de-confidentialite\/","og_locale":"fr_FR","og_type":"article","og_title":"Politique de confidentialit\u00e9 - iWood | Natural Intelligence","og_description":"Politique de confidentialit\u00e9 RESPONSABLE DES DONN\u00c9ES PERSONNELLES Entreprise : Paulownia A1 Agroforestry SLCIF : B91986547Adresse : Ctra. Nacional 332, Km. 253, 46410 Sueca, Valencia, Espa\u00f1aAdresse \u00e9lectronique : info@ipaulownia.comSite web : https:\/\/iwood-solutions.com Nous vous informons que le site web https:\/\/iwood-solutions.com, dont Paulownia A1 Agroforestry SL est titulaire (ci-apr\u00e8s, \u00ab le portail ou site web \u00bb), respecte [&hellip;]","og_url":"https:\/\/iwood-solutions.com\/fr\/politique-de-confidentialite\/","og_site_name":"iWood | Natural Intelligence","article_modified_time":"2025-11-12T10:57:07+00:00","twitter_card":"summary_large_image","twitter_misc":{"Dur\u00e9e de lecture estim\u00e9e":"3 minutes"},"schema":{"@context":"https:\/\/schema.org","@graph":[{"@type":"WebPage","@id":"https:\/\/iwood-solutions.com\/fr\/politique-de-confidentialite\/","url":"https:\/\/iwood-solutions.com\/fr\/politique-de-confidentialite\/","name":"Politique de confidentialit\u00e9 - iWood | Natural Intelligence","isPartOf":{"@id":"https:\/\/iwood-solutions.com\/fr\/#website"},"datePublished":"2024-06-04T14:29:02+00:00","dateModified":"2025-11-12T10:57:07+00:00","breadcrumb":{"@id":"https:\/\/iwood-solutions.com\/fr\/politique-de-confidentialite\/#breadcrumb"},"inLanguage":"fr-FR","potentialAction":[{"@type":"ReadAction","target":["https:\/\/iwood-solutions.com\/fr\/politique-de-confidentialite\/"]}]},{"@type":"BreadcrumbList","@id":"https:\/\/iwood-solutions.com\/fr\/politique-de-confidentialite\/#breadcrumb","itemListElement":[{"@type":"ListItem","position":1,"name":"Portada","item":"https:\/\/iwood-solutions.com\/fr\/acheter-du-bois-de-paulownia-durable-2\/"},{"@type":"ListItem","position":2,"name":"Politique de confidentialit\u00e9"}]},{"@type":"WebSite","@id":"https:\/\/iwood-solutions.com\/fr\/#website","url":"https:\/\/iwood-solutions.com\/fr\/","name":"iWood","description":"Intelligent Wood Solutions","publisher":{"@id":"https:\/\/iwood-solutions.com\/fr\/#organization"},"potentialAction":[{"@type":"SearchAction","target":{"@type":"EntryPoint","urlTemplate":"https:\/\/iwood-solutions.com\/fr\/?s={search_term_string}"},"query-input":{"@type":"PropertyValueSpecification","valueRequired":true,"valueName":"search_term_string"}}],"inLanguage":"fr-FR"},{"@type":"Organization","@id":"https:\/\/iwood-solutions.com\/fr\/#organization","name":"iWood","url":"https:\/\/iwood-solutions.com\/fr\/","logo":{"@type":"ImageObject","inLanguage":"fr-FR","@id":"https:\/\/iwood-solutions.com\/fr\/#\/schema\/logo\/image\/","url":"https:\/\/iwood-solutions.com\/wp-content\/uploads\/2026\/04\/cropped-IWOOD_LOGO_DARK-e1776466684737.png","contentUrl":"https:\/\/iwood-solutions.com\/wp-content\/uploads\/2026\/04\/cropped-IWOOD_LOGO_DARK-e1776466684737.png","width":250,"height":49,"caption":"iWood"},"image":{"@id":"https:\/\/iwood-solutions.com\/fr\/#\/schema\/logo\/image\/"}}]}},"_links":{"self":[{"href":"https:\/\/iwood-solutions.com\/fr\/wp-json\/wp\/v2\/pages\/17506","targetHints":{"allow":["GET"]}}],"collection":[{"href":"https:\/\/iwood-solutions.com\/fr\/wp-json\/wp\/v2\/pages"}],"about":[{"href":"https:\/\/iwood-solutions.com\/fr\/wp-json\/wp\/v2\/types\/page"}],"author":[{"embeddable":true,"href":"https:\/\/iwood-solutions.com\/fr\/wp-json\/wp\/v2\/users\/1"}],"replies":[{"embeddable":true,"href":"https:\/\/iwood-solutions.com\/fr\/wp-json\/wp\/v2\/comments?post=17506"}],"version-history":[{"count":4,"href":"https:\/\/iwood-solutions.com\/fr\/wp-json\/wp\/v2\/pages\/17506\/revisions"}],"predecessor-version":[{"id":22204,"href":"https:\/\/iwood-solutions.com\/fr\/wp-json\/wp\/v2\/pages\/17506\/revisions\/22204"}],"wp:attachment":[{"href":"https:\/\/iwood-solutions.com\/fr\/wp-json\/wp\/v2\/media?parent=17506"}],"curies":[{"name":"wp","href":"https:\/\/api.w.org\/{rel}","templated":true}]}}