{"id":17614,"date":"2025-05-05T17:59:59","date_gmt":"2025-05-05T15:59:59","guid":{"rendered":"https:\/\/iwood-solutions.com\/mentions-legales\/"},"modified":"2026-04-20T15:14:57","modified_gmt":"2026-04-20T13:14:57","slug":"mentions-legales","status":"publish","type":"page","link":"https:\/\/iwood-solutions.com\/fr\/mentions-legales\/","title":{"rendered":"Mentions l\u00e9gales"},"content":{"rendered":"\t\t<div data-elementor-type=\"wp-page\" data-elementor-id=\"17614\" class=\"elementor elementor-17614\" data-elementor-post-type=\"page\">\n\t\t\t\t<div class=\"elementor-element elementor-element-36a3f45 e-flex e-con-boxed e-con e-parent\" data-id=\"36a3f45\" data-element_type=\"container\" data-e-type=\"container\" data-settings=\"{&quot;background_background&quot;:&quot;classic&quot;}\">\n\t\t\t\t\t<div class=\"e-con-inner\">\n\t\t<div class=\"elementor-element elementor-element-c26b2a0 e-con-full e-flex elementor-invisible e-con e-child\" data-id=\"c26b2a0\" data-element_type=\"container\" data-e-type=\"container\" data-settings=\"{&quot;animation&quot;:&quot;fadeIn&quot;}\">\n\t\t\t\t<div class=\"elementor-element elementor-element-acfc94c elementor-widget elementor-widget-heading\" data-id=\"acfc94c\" data-element_type=\"widget\" data-e-type=\"widget\" data-widget_type=\"heading.default\">\n\t\t\t\t<div class=\"elementor-widget-container\">\n\t\t\t\t\t<h1 class=\"elementor-heading-title elementor-size-default\">Avis l\u00e9gal<\/h1>\t\t\t\t<\/div>\n\t\t\t\t<\/div>\n\t\t\t\t<div class=\"elementor-element elementor-element-000b3e3 elementor-widget elementor-widget-text-editor\" data-id=\"000b3e3\" data-element_type=\"widget\" data-e-type=\"widget\" data-widget_type=\"text-editor.default\">\n\t\t\t\t<div class=\"elementor-widget-container\">\n\t\t\t\t\t\t\t\t\t<p><strong>DONN\u00c9ES D\u2019IDENTIFICATION :<\/strong><\/p><p>Conform\u00e9ment \u00e0 l\u2019obligation d\u2019information pr\u00e9vue \u00e0 l\u2019article 10 de la loi 34\/2002, du 11 juillet, sur les services de la soci\u00e9t\u00e9 de l\u2019information et du commerce \u00e9lectronique, les donn\u00e9es suivantes de l\u2019entreprise titulaire de ce site web sont indiqu\u00e9es ci-dessous :<\/p><p><strong>Entreprise :<\/strong> Paulownia A1 Agroforestry SL<\/p><p><strong>CIF :<\/strong> B91986547<\/p><p><strong>Domicile :<\/strong> Ctra. Nacional 332, Km. 253, 46410, Sueca, Valencia, Espa\u00f1a <\/p><p><strong>Adresse \u00e9lectronique : <a href=\"mailto:info@ipaulownia.com\">info@ipaulownia.com<\/a><\/strong><\/p><p><strong>Site web : <a href=\"https:\/\/iwood-solutions.com\/fr\/\" target=\"_blank\" rel=\"noopener\">https:\/\/iwood-solutions.com<\/a><\/strong><\/p><p><strong>Registre du commerce :<\/strong> Inscrite au registre du commerce de S\u00e9ville au tome 5496, folio 175, page SE-92609<\/p><p><strong>UTILISATEURS :<\/strong><\/p><p>L\u2019utilisation du pr\u00e9sent portail est absolument volontaire et suppose l\u2019acceptation pleine et enti\u00e8re par l\u2019Utilisateur de toutes les conditions d\u2019utilisation en vigueur \u00e0 tout moment. Paulownia A1 Agroforestry SL se r\u00e9serve le droit de retirer l\u2019acc\u00e8s au site web sans pr\u00e9avis \u00e0 tout Utilisateur qui enfreint les dispositions des pr\u00e9sentes conditions. Il incombe \u00e0 l\u2019Utilisateur de lire attentivement les pr\u00e9sentes conditions, applicables ind\u00e9pendamment des conditions g\u00e9n\u00e9rales de vente qui peuvent \u00eatre d\u2019application obligatoire.  <\/p><p><strong>UTILISATION DU PORTAIL :<\/strong><\/p><p>Paulownia A1 Agroforestry SL fournit l\u2019acc\u00e8s \u00e0 de multiples informations, services, programmes ou donn\u00e9es sur Internet. L\u2019Utilisateur assume la responsabilit\u00e9 de l\u2019utilisation du portail et s\u2019engage \u00e0 utiliser les contenus et services de mani\u00e8re appropri\u00e9e, sans se livrer \u00e0 des activit\u00e9s illicites ou contraires \u00e0 la bonne foi et \u00e0 l\u2019ordre public. <\/p><p><strong>POLITIQUE DE CONFIDENTIALIT\u00c9 :<\/strong><\/p><p>Nous vous informons que Paulownia A1 Agroforestry SL respecte la r\u00e9glementation en vigueur en mati\u00e8re de protection des donn\u00e9es personnelles, notamment le r\u00e8glement (UE) 2016\/679 (RGPD) et la LOPD. Pour plus d\u2019informations, consultez notre <a href=\"https:\/\/iwood-solutions.com\/fr\/politique-de-confidentialite\/\" target=\"_blank\" rel=\"noopener\"><strong>Politique de confidentialit\u00e9<\/strong><\/a>. <\/p><p><strong>PROPRI\u00c9T\u00c9 INTELLECTUELLE ET INDUSTRIELLE :<\/strong><\/p><p>Tous les contenus du site web, y compris les images et les textes, sont la propri\u00e9t\u00e9 de Paulownia A1 Agroforestry SL et sont prot\u00e9g\u00e9s par la l\u00e9gislation en vigueur. Leur reproduction ou leur utilisation \u00e0 des fins commerciales sans autorisation expresse est interdite. <\/p><p><strong>EXCLUSION DE GARANTIES ET DE RESPONSABILIT\u00c9 :<\/strong><\/p><p>L\u2019utilisation du site web se fait sous la responsabilit\u00e9 exclusive de l\u2019utilisateur\/trice, Paulownia A1 Agroforestry S.L. n\u2019\u00e9tant en aucun cas responsable des dommages qui pourraient \u00eatre occasionn\u00e9s aux syst\u00e8mes informatiques des utilisateurs\/trices d\u00e9coulant de l\u2019acc\u00e8s, de l\u2019utilisation ou de la mauvaise utilisation des contenus du site web, des informations acquises par le biais de celui-ci, des virus informatiques, des d\u00e9faillances op\u00e9rationnelles ou des interruptions du service ou de la transmission.<\/p><p>Paulownia A1 Agroforestry S.L., d\u00e9cline express\u00e9ment toute responsabilit\u00e9 face \u00e0 tout dommage ou pr\u00e9judice que l\u2019utilisateur\/trice pourrait subir en raison d\u2019une erreur, d\u2019un d\u00e9faut ou d\u2019une omission dans les informations contenues dans les pages de ce site web. L\u2019utilisateur\/trice exon\u00e8re Paulownia A1 Agroforestry S.L. de toute responsabilit\u00e9 en relation avec la fiabilit\u00e9, l\u2019utilit\u00e9 ou la fausse attente que le portail pourrait lui causer lors de sa navigation sur celui-ci.  <\/p><p><strong>COOKIES :<\/strong><\/p><p>Ce site web utilise des cookies pour assurer le bon fonctionnement du portail. Pour plus d\u2019informations, consultez notre <a href=\"https:\/\/iwood-solutions.com\/fr\/politique-en-matiere-de-cookies\/\" target=\"_blank\" rel=\"noopener\">Politique de cookies<\/a>. <\/p><p><strong>LIENS :<\/strong><\/p><p>Paulownia A1 Agroforestry SL n\u2019est pas responsable du contenu des liens externes inclus dans ce site web, ni ne garantit la disponibilit\u00e9 technique ou l\u2019exactitude de ceux-ci.<\/p><p><strong>DROIT D\u2019EXCLUSION :<\/strong><\/p><p>Paulownia A1 Agroforestry SL se r\u00e9serve le droit de refuser ou de retirer l\u2019acc\u00e8s au portail et\/ou aux services sans pr\u00e9avis aux utilisateurs qui ne respectent pas les pr\u00e9sentes mentions l\u00e9gales.<\/p><p><strong>G\u00c9N\u00c9RALIT\u00c9S :<\/strong><\/p><p>Paulownia A1 Agroforestry SL pourra exercer des actions l\u00e9gales contre toute utilisation abusive du site web ou non-respect des pr\u00e9sentes mentions l\u00e9gales.<\/p><p><strong>MODIFICATION DES PR\u00c9SENTES CONDITIONS ET DUR\u00c9E :<\/strong><\/p><p>Paulownia A1 Agroforestry SL pourra modifier \u00e0 tout moment les conditions ici d\u00e9termin\u00e9es, celles-ci \u00e9tant d\u00fbment publi\u00e9es. La validit\u00e9 des conditions d\u00e9pendra de leur exposition et elles seront en vigueur jusqu\u2019\u00e0 leur modification par d\u2019autres d\u00fbment publi\u00e9es. <\/p><p><strong>L\u00c9GISLATION APPLICABLE ET JURIDICTION :<\/strong><\/p><p>Les pr\u00e9sentes conditions g\u00e9n\u00e9rales d\u2019utilisation sont r\u00e9gies par la l\u00e9gislation espagnole. Pour toutes les questions qui pourraient se poser en relation avec les contenus du site web et sur l\u2019application et le respect de ce qui est \u00e9tabli ici, Paulownia A1 Agroforestry S.L. et l\u2019utilisateur\/trice se soumettent \u00e0 la juridiction des tribunaux du domicile de l\u2019utilisateur\/trice. Dans le cas o\u00f9 l\u2019utilisateur\/trice aurait son domicile en dehors du territoire espagnol, Paulownia A1 Agroforestry S.L. et l\u2019utilisateur\/trice se soumettent, en renon\u00e7ant \u00e0 toute autre juridiction qui pourrait leur correspondre, aux tribunaux.  <\/p><p><strong>Date de la derni\u00e8re mise \u00e0 jour :<\/strong> 5 mai 2025.<\/p>\t\t\t\t\t\t\t\t<\/div>\n\t\t\t\t<\/div>\n\t\t\t\t<\/div>\n\t\t\t\t\t<\/div>\n\t\t\t\t<\/div>\n\t\t\t\t<\/div>\n\t\t","protected":false},"excerpt":{"rendered":"<p>Avis l\u00e9gal DONN\u00c9ES D\u2019IDENTIFICATION : Conform\u00e9ment \u00e0 l\u2019obligation d\u2019information pr\u00e9vue \u00e0 l\u2019article 10 de la loi 34\/2002, du 11 juillet, sur les services de la soci\u00e9t\u00e9 de l\u2019information et du commerce \u00e9lectronique, les donn\u00e9es suivantes de l\u2019entreprise titulaire de ce site web sont indiqu\u00e9es ci-dessous : Entreprise : Paulownia A1 Agroforestry SL CIF : B91986547 [&hellip;]<\/p>\n","protected":false},"author":1,"featured_media":0,"parent":0,"menu_order":0,"comment_status":"closed","ping_status":"closed","template":"template-canvas.php","meta":{"footnotes":""},"class_list":["post-17614","page","type-page","status-publish","hentry"],"yoast_head":"<!-- This site is optimized with the Yoast SEO plugin v27.4 - https:\/\/yoast.com\/product\/yoast-seo-wordpress\/ -->\n<title>Mentions l\u00e9gales - iWood | Natural Intelligence<\/title>\n<meta name=\"robots\" content=\"noindex, follow\" \/>\n<meta property=\"og:locale\" content=\"fr_FR\" \/>\n<meta property=\"og:type\" content=\"article\" \/>\n<meta property=\"og:title\" content=\"Mentions l\u00e9gales - iWood | Natural Intelligence\" \/>\n<meta property=\"og:description\" content=\"Avis l\u00e9gal DONN\u00c9ES D\u2019IDENTIFICATION : Conform\u00e9ment \u00e0 l\u2019obligation d\u2019information pr\u00e9vue \u00e0 l\u2019article 10 de la loi 34\/2002, du 11 juillet, sur les services de la soci\u00e9t\u00e9 de l\u2019information et du commerce \u00e9lectronique, les donn\u00e9es suivantes de l\u2019entreprise titulaire de ce site web sont indiqu\u00e9es ci-dessous : Entreprise : Paulownia A1 Agroforestry SL CIF : B91986547 [&hellip;]\" \/>\n<meta property=\"og:url\" content=\"https:\/\/iwood-solutions.com\/fr\/mentions-legales\/\" \/>\n<meta property=\"og:site_name\" content=\"iWood | Natural Intelligence\" \/>\n<meta property=\"article:modified_time\" content=\"2026-04-20T13:14:57+00:00\" \/>\n<meta name=\"twitter:card\" content=\"summary_large_image\" \/>\n<meta name=\"twitter:label1\" content=\"Dur\u00e9e de lecture estim\u00e9e\" \/>\n\t<meta name=\"twitter:data1\" content=\"4 minutes\" \/>\n<script type=\"application\/ld+json\" class=\"yoast-schema-graph\">{\"@context\":\"https:\\\/\\\/schema.org\",\"@graph\":[{\"@type\":\"WebPage\",\"@id\":\"https:\\\/\\\/iwood-solutions.com\\\/fr\\\/mentions-legales\\\/\",\"url\":\"https:\\\/\\\/iwood-solutions.com\\\/fr\\\/mentions-legales\\\/\",\"name\":\"Mentions l\u00e9gales - iWood | Natural Intelligence\",\"isPartOf\":{\"@id\":\"https:\\\/\\\/iwood-solutions.com\\\/fr\\\/#website\"},\"datePublished\":\"2025-05-05T15:59:59+00:00\",\"dateModified\":\"2026-04-20T13:14:57+00:00\",\"breadcrumb\":{\"@id\":\"https:\\\/\\\/iwood-solutions.com\\\/fr\\\/mentions-legales\\\/#breadcrumb\"},\"inLanguage\":\"fr-FR\",\"potentialAction\":[{\"@type\":\"ReadAction\",\"target\":[\"https:\\\/\\\/iwood-solutions.com\\\/fr\\\/mentions-legales\\\/\"]}]},{\"@type\":\"BreadcrumbList\",\"@id\":\"https:\\\/\\\/iwood-solutions.com\\\/fr\\\/mentions-legales\\\/#breadcrumb\",\"itemListElement\":[{\"@type\":\"ListItem\",\"position\":1,\"name\":\"Portada\",\"item\":\"https:\\\/\\\/iwood-solutions.com\\\/fr\\\/acheter-du-bois-de-paulownia-durable-2\\\/\"},{\"@type\":\"ListItem\",\"position\":2,\"name\":\"Mentions l\u00e9gales\"}]},{\"@type\":\"WebSite\",\"@id\":\"https:\\\/\\\/iwood-solutions.com\\\/fr\\\/#website\",\"url\":\"https:\\\/\\\/iwood-solutions.com\\\/fr\\\/\",\"name\":\"iWood\",\"description\":\"Intelligent Wood Solutions\",\"publisher\":{\"@id\":\"https:\\\/\\\/iwood-solutions.com\\\/fr\\\/#organization\"},\"potentialAction\":[{\"@type\":\"SearchAction\",\"target\":{\"@type\":\"EntryPoint\",\"urlTemplate\":\"https:\\\/\\\/iwood-solutions.com\\\/fr\\\/?s={search_term_string}\"},\"query-input\":{\"@type\":\"PropertyValueSpecification\",\"valueRequired\":true,\"valueName\":\"search_term_string\"}}],\"inLanguage\":\"fr-FR\"},{\"@type\":\"Organization\",\"@id\":\"https:\\\/\\\/iwood-solutions.com\\\/fr\\\/#organization\",\"name\":\"iWood\",\"url\":\"https:\\\/\\\/iwood-solutions.com\\\/fr\\\/\",\"logo\":{\"@type\":\"ImageObject\",\"inLanguage\":\"fr-FR\",\"@id\":\"https:\\\/\\\/iwood-solutions.com\\\/fr\\\/#\\\/schema\\\/logo\\\/image\\\/\",\"url\":\"https:\\\/\\\/iwood-solutions.com\\\/wp-content\\\/uploads\\\/2026\\\/04\\\/cropped-IWOOD_LOGO_DARK-e1776466684737.png\",\"contentUrl\":\"https:\\\/\\\/iwood-solutions.com\\\/wp-content\\\/uploads\\\/2026\\\/04\\\/cropped-IWOOD_LOGO_DARK-e1776466684737.png\",\"width\":250,\"height\":49,\"caption\":\"iWood\"},\"image\":{\"@id\":\"https:\\\/\\\/iwood-solutions.com\\\/fr\\\/#\\\/schema\\\/logo\\\/image\\\/\"}}]}<\/script>\n<!-- \/ Yoast SEO plugin. -->","yoast_head_json":{"title":"Mentions l\u00e9gales - iWood | Natural Intelligence","robots":{"index":"noindex","follow":"follow"},"og_locale":"fr_FR","og_type":"article","og_title":"Mentions l\u00e9gales - iWood | Natural Intelligence","og_description":"Avis l\u00e9gal DONN\u00c9ES D\u2019IDENTIFICATION : Conform\u00e9ment \u00e0 l\u2019obligation d\u2019information pr\u00e9vue \u00e0 l\u2019article 10 de la loi 34\/2002, du 11 juillet, sur les services de la soci\u00e9t\u00e9 de l\u2019information et du commerce \u00e9lectronique, les donn\u00e9es suivantes de l\u2019entreprise titulaire de ce site web sont indiqu\u00e9es ci-dessous : Entreprise : Paulownia A1 Agroforestry SL CIF : B91986547 [&hellip;]","og_url":"https:\/\/iwood-solutions.com\/fr\/mentions-legales\/","og_site_name":"iWood | Natural Intelligence","article_modified_time":"2026-04-20T13:14:57+00:00","twitter_card":"summary_large_image","twitter_misc":{"Dur\u00e9e de lecture estim\u00e9e":"4 minutes"},"schema":{"@context":"https:\/\/schema.org","@graph":[{"@type":"WebPage","@id":"https:\/\/iwood-solutions.com\/fr\/mentions-legales\/","url":"https:\/\/iwood-solutions.com\/fr\/mentions-legales\/","name":"Mentions l\u00e9gales - iWood | Natural Intelligence","isPartOf":{"@id":"https:\/\/iwood-solutions.com\/fr\/#website"},"datePublished":"2025-05-05T15:59:59+00:00","dateModified":"2026-04-20T13:14:57+00:00","breadcrumb":{"@id":"https:\/\/iwood-solutions.com\/fr\/mentions-legales\/#breadcrumb"},"inLanguage":"fr-FR","potentialAction":[{"@type":"ReadAction","target":["https:\/\/iwood-solutions.com\/fr\/mentions-legales\/"]}]},{"@type":"BreadcrumbList","@id":"https:\/\/iwood-solutions.com\/fr\/mentions-legales\/#breadcrumb","itemListElement":[{"@type":"ListItem","position":1,"name":"Portada","item":"https:\/\/iwood-solutions.com\/fr\/acheter-du-bois-de-paulownia-durable-2\/"},{"@type":"ListItem","position":2,"name":"Mentions l\u00e9gales"}]},{"@type":"WebSite","@id":"https:\/\/iwood-solutions.com\/fr\/#website","url":"https:\/\/iwood-solutions.com\/fr\/","name":"iWood","description":"Intelligent Wood Solutions","publisher":{"@id":"https:\/\/iwood-solutions.com\/fr\/#organization"},"potentialAction":[{"@type":"SearchAction","target":{"@type":"EntryPoint","urlTemplate":"https:\/\/iwood-solutions.com\/fr\/?s={search_term_string}"},"query-input":{"@type":"PropertyValueSpecification","valueRequired":true,"valueName":"search_term_string"}}],"inLanguage":"fr-FR"},{"@type":"Organization","@id":"https:\/\/iwood-solutions.com\/fr\/#organization","name":"iWood","url":"https:\/\/iwood-solutions.com\/fr\/","logo":{"@type":"ImageObject","inLanguage":"fr-FR","@id":"https:\/\/iwood-solutions.com\/fr\/#\/schema\/logo\/image\/","url":"https:\/\/iwood-solutions.com\/wp-content\/uploads\/2026\/04\/cropped-IWOOD_LOGO_DARK-e1776466684737.png","contentUrl":"https:\/\/iwood-solutions.com\/wp-content\/uploads\/2026\/04\/cropped-IWOOD_LOGO_DARK-e1776466684737.png","width":250,"height":49,"caption":"iWood"},"image":{"@id":"https:\/\/iwood-solutions.com\/fr\/#\/schema\/logo\/image\/"}}]}},"_links":{"self":[{"href":"https:\/\/iwood-solutions.com\/fr\/wp-json\/wp\/v2\/pages\/17614","targetHints":{"allow":["GET"]}}],"collection":[{"href":"https:\/\/iwood-solutions.com\/fr\/wp-json\/wp\/v2\/pages"}],"about":[{"href":"https:\/\/iwood-solutions.com\/fr\/wp-json\/wp\/v2\/types\/page"}],"author":[{"embeddable":true,"href":"https:\/\/iwood-solutions.com\/fr\/wp-json\/wp\/v2\/users\/1"}],"replies":[{"embeddable":true,"href":"https:\/\/iwood-solutions.com\/fr\/wp-json\/wp\/v2\/comments?post=17614"}],"version-history":[{"count":5,"href":"https:\/\/iwood-solutions.com\/fr\/wp-json\/wp\/v2\/pages\/17614\/revisions"}],"predecessor-version":[{"id":25307,"href":"https:\/\/iwood-solutions.com\/fr\/wp-json\/wp\/v2\/pages\/17614\/revisions\/25307"}],"wp:attachment":[{"href":"https:\/\/iwood-solutions.com\/fr\/wp-json\/wp\/v2\/media?parent=17614"}],"curies":[{"name":"wp","href":"https:\/\/api.w.org\/{rel}","templated":true}]}}