{"id":28249,"date":"2026-05-08T03:33:12","date_gmt":"2026-05-08T01:33:12","guid":{"rendered":"https:\/\/iwood-solutions.com\/david-weber\/"},"modified":"2026-05-08T03:47:36","modified_gmt":"2026-05-08T01:47:36","slug":"david-weber","status":"publish","type":"page","link":"https:\/\/iwood-solutions.com\/fr\/david-weber\/","title":{"rendered":"David Weber"},"content":{"rendered":"\t\t<div data-elementor-type=\"wp-page\" data-elementor-id=\"28249\" class=\"elementor elementor-28249 elementor-28245\" data-elementor-post-type=\"page\">\n\t\t\t\t<div class=\"elementor-element elementor-element-269bb56 e-con-full e-flex e-con e-parent\" data-id=\"269bb56\" data-element_type=\"container\" data-e-type=\"container\">\n\t\t\t\t<div class=\"elementor-element elementor-element-2b69368 elementor-widget elementor-widget-html\" data-id=\"2b69368\" data-element_type=\"widget\" data-e-type=\"widget\" data-widget_type=\"html.default\">\n\t\t\t\t<div class=\"elementor-widget-container\">\n\t\t\t\t\t<section class=\"dw-hero-block\"><div class=\"dw-hero-bg\"><!-- CAMBIAR IMAGEN AQU\u00cd --><img decoding=\"async\" src=\"https:\/\/iwood-solutions.com\/wp-content\/uploads\/2025\/08\/david-weber.jpg\" alt=\"David Weber Surfboards\"><\/div><div class=\"dw-hero-overlay\"><\/div><div class=\"dw-hero-content\"><span>\/\/ DAVID WEBER \u00d7 WOODKIT.PRO<\/span><h1>DEL SHAPING AL BUILD<\/h1><p>La experiencia de David Weber aplicada a kits de madera dise\u00f1ados para construir tablas de surf con criterio, precisi\u00f3n y una l\u00f3gica clara desde el primer montaje.\r\n    <\/p><div class=\"dw-hero-actions\"><a href=\"https:\/\/iwood-solutions.com\/fr\/boutique\/\" class=\"dw-btn is-primary\">VER KITS DAVID WEBER<\/a><a href=\"https:\/\/iwood-solutions.com\/fr\/woodkit-pro\/\" class=\"dw-btn\">ENTENDER WOODKIT.PRO<\/a><\/div><\/div><\/section><style>.dw-hero-block{\r\n  position:relative;\r\n  min-height:82vh;\r\n  display:flex;\r\n  align-items:center;\r\n  overflow:hidden;\r\n  background:#0C1A2A;\r\n  color:#F2F2F0;\r\n}\r\n\r\n.dw-hero-bg{\r\n  position:absolute;\r\n  inset:0;\r\n  z-index:1;\r\n}\r\n\r\n.dw-hero-bg img{\r\n  width:100%;\r\n  height:160%;\r\n  object-fit:cover;\r\n  object-position:center;\r\n  filter:saturate(.82) contrast(1.08) brightness(.78);\r\n}\r\n\r\n.dw-hero-overlay{\r\n  position:absolute;\r\n  inset:0;\r\n  z-index:2;\r\n  background:\r\n    linear-gradient(90deg, rgba(12,26,42,.94) 0%, rgba(12,26,42,.72) 45%, rgba(12,26,42,.28) 100%);\r\n}\r\n\r\n.dw-hero-content{\r\n  position:relative;\r\n  z-index:3;\r\n  max-width:1180px;\r\n  width:100%;\r\n  margin:0 auto;\r\n  padding:0 24px;\r\n}\r\n\r\n.dw-hero-content span{\r\n  display:block;\r\n  color:#C8A97E;\r\n  font-size:11px;\r\n  font-weight:900;\r\n  letter-spacing:4px;\r\n  text-transform:uppercase;\r\n  margin-bottom:20px;\r\n}\r\n\r\n.dw-hero-content h1{\r\n  max-width:780px;\r\n  margin:0 0 26px;\r\n  font-size:clamp(46px,7vw,92px);\r\n  line-height:.9;\r\n  font-weight:900;\r\n  letter-spacing:-2.5px;\r\n  text-transform:uppercase;\r\n  color:#fff;\r\n}\r\n\r\n.dw-hero-content p{\r\n  max-width:640px;\r\n  margin:0 0 36px;\r\n  color:rgba(242,242,240,.78);\r\n  font-size:18px;\r\n  line-height:1.55;\r\n}\r\n\r\n.dw-hero-actions{\r\n  display:flex;\r\n  gap:14px;\r\n  flex-wrap:wrap;\r\n}\r\n\r\n.dw-btn{\r\n  display:inline-flex;\r\n  align-items:center;\r\n  justify-content:center;\r\n  min-height:58px;\r\n  padding:0 30px;\r\n  border:1px solid rgba(242,242,240,.24);\r\n  background:rgba(242,242,240,.04);\r\n  color:#F2F2F0;\r\n  text-decoration:none;\r\n  font-size:12px;\r\n  font-weight:900;\r\n  letter-spacing:2px;\r\n  text-transform:uppercase;\r\n}\r\n\r\n.dw-btn.is-primary{\r\n  background:#C8A97E;\r\n  border-color:#C8A97E;\r\n  color:#0C1A2A;\r\n}\r\n\r\n.dw-btn:hover{\r\n  background:#F2F2F0;\r\n  color:#0C1A2A;\r\n}\r\n\r\n@media(max-width:767px){\r\n  .dw-hero-block{\r\n    min-height:76vh;\r\n    align-items:flex-end;\r\n    padding-bottom:48px;\r\n  }\r\n\r\n  .dw-hero-overlay{\r\n    background:linear-gradient(180deg, rgba(12,26,42,.30) 0%, rgba(12,26,42,.78) 45%, rgba(12,26,42,.96) 100%);\r\n  }\r\n\r\n  .dw-hero-content h1{\r\n    font-size:42px;\r\n  }\r\n\r\n  .dw-hero-content p{\r\n    font-size:15px;\r\n  }\r\n\r\n  .dw-hero-actions{\r\n    flex-direction:column;\r\n  }\r\n\r\n  .dw-btn{\r\n    width:100%;\r\n  }\r\n}\r\n<\/style>\t\t\t\t<\/div>\n\t\t\t\t<\/div>\n\t\t\t\t<\/div>\n\t\t\t\t<\/div>\n\t\t","protected":false},"excerpt":{"rendered":"<p>\/\/ DAVID WEBER \u00d7 WOODKIT.PRO DEL SHAPING AL BUILD La experiencia de David Weber aplicada a kits de madera dise\u00f1ados para construir tablas de surf con criterio, precisi\u00f3n y una l\u00f3gica clara desde el primer montaje. VER KITS DAVID WEBERENTENDER WOODKIT.PRO<\/p>\n","protected":false},"author":11,"featured_media":0,"parent":0,"menu_order":0,"comment_status":"closed","ping_status":"closed","template":"","meta":{"_acf_changed":false,"footnotes":""},"class_list":["post-28249","page","type-page","status-publish","hentry"],"acf":[],"yoast_head":"<!-- This site is optimized with the Yoast SEO plugin v27.6 - https:\/\/yoast.com\/product\/yoast-seo-wordpress\/ -->\n<title>David Weber | iWood | Natural Intelligence<\/title>\n<meta name=\"robots\" content=\"index, follow, max-snippet:-1, max-image-preview:large, max-video-preview:-1\" \/>\n<link rel=\"canonical\" href=\"https:\/\/iwood-solutions.com\/fr\/david-weber\/\" \/>\n<meta property=\"og:locale\" content=\"fr_FR\" \/>\n<meta property=\"og:type\" content=\"article\" \/>\n<meta property=\"og:title\" content=\"David Weber | iWood | Natural Intelligence\" \/>\n<meta property=\"og:description\" content=\"\/\/ DAVID WEBER \u00d7 WOODKIT.PRO DEL SHAPING AL BUILD La experiencia de David Weber aplicada a kits de madera dise\u00f1ados para construir tablas de surf con criterio, precisi\u00f3n y una l\u00f3gica clara desde el primer montaje. VER KITS DAVID WEBERENTENDER WOODKIT.PRO\" \/>\n<meta property=\"og:url\" content=\"https:\/\/iwood-solutions.com\/fr\/david-weber\/\" \/>\n<meta property=\"og:site_name\" content=\"iWood | Natural Intelligence\" \/>\n<meta property=\"article:modified_time\" content=\"2026-05-08T01:47:36+00:00\" \/>\n<meta property=\"og:image\" content=\"https:\/\/iwood-solutions.com\/wp-content\/uploads\/2025\/08\/david-weber.jpg\" \/>\n<meta name=\"twitter:card\" content=\"summary_large_image\" \/>\n<script type=\"application\/ld+json\" class=\"yoast-schema-graph\">{\"@context\":\"https:\\\/\\\/schema.org\",\"@graph\":[{\"@type\":\"WebPage\",\"@id\":\"https:\\\/\\\/iwood-solutions.com\\\/fr\\\/david-weber\\\/\",\"url\":\"https:\\\/\\\/iwood-solutions.com\\\/fr\\\/david-weber\\\/\",\"name\":\"David Weber | iWood | Natural Intelligence\",\"isPartOf\":{\"@id\":\"https:\\\/\\\/iwood-solutions.com\\\/fr\\\/#website\"},\"primaryImageOfPage\":{\"@id\":\"https:\\\/\\\/iwood-solutions.com\\\/fr\\\/david-weber\\\/#primaryimage\"},\"image\":{\"@id\":\"https:\\\/\\\/iwood-solutions.com\\\/fr\\\/david-weber\\\/#primaryimage\"},\"thumbnailUrl\":\"https:\\\/\\\/iwood-solutions.com\\\/wp-content\\\/uploads\\\/2025\\\/08\\\/david-weber.jpg\",\"datePublished\":\"2026-05-08T01:33:12+00:00\",\"dateModified\":\"2026-05-08T01:47:36+00:00\",\"breadcrumb\":{\"@id\":\"https:\\\/\\\/iwood-solutions.com\\\/fr\\\/david-weber\\\/#breadcrumb\"},\"inLanguage\":\"fr-FR\",\"potentialAction\":[{\"@type\":\"ReadAction\",\"target\":[\"https:\\\/\\\/iwood-solutions.com\\\/fr\\\/david-weber\\\/\"]}]},{\"@type\":\"ImageObject\",\"inLanguage\":\"fr-FR\",\"@id\":\"https:\\\/\\\/iwood-solutions.com\\\/fr\\\/david-weber\\\/#primaryimage\",\"url\":\"https:\\\/\\\/iwood-solutions.com\\\/wp-content\\\/uploads\\\/2025\\\/08\\\/david-weber.jpg\",\"contentUrl\":\"https:\\\/\\\/iwood-solutions.com\\\/wp-content\\\/uploads\\\/2025\\\/08\\\/david-weber.jpg\"},{\"@type\":\"BreadcrumbList\",\"@id\":\"https:\\\/\\\/iwood-solutions.com\\\/fr\\\/david-weber\\\/#breadcrumb\",\"itemListElement\":[{\"@type\":\"ListItem\",\"position\":1,\"name\":\"Portada\",\"item\":\"https:\\\/\\\/iwood-solutions.com\\\/fr\\\/acheter-du-bois-de-paulownia-durable-2\\\/\"},{\"@type\":\"ListItem\",\"position\":2,\"name\":\"David Weber\"}]},{\"@type\":\"WebSite\",\"@id\":\"https:\\\/\\\/iwood-solutions.com\\\/fr\\\/#website\",\"url\":\"https:\\\/\\\/iwood-solutions.com\\\/fr\\\/\",\"name\":\"iWood Solutions by WOODKIT.PRO\",\"description\":\"Intelligent Wood Solutions\",\"potentialAction\":[{\"@type\":\"SearchAction\",\"target\":{\"@type\":\"EntryPoint\",\"urlTemplate\":\"https:\\\/\\\/iwood-solutions.com\\\/fr\\\/?s={search_term_string}\"},\"query-input\":{\"@type\":\"PropertyValueSpecification\",\"valueRequired\":true,\"valueName\":\"search_term_string\"}}],\"inLanguage\":\"fr-FR\"}]}<\/script>\n<!-- \/ Yoast SEO plugin. -->","yoast_head_json":{"title":"David Weber | iWood | Natural Intelligence","robots":{"index":"index","follow":"follow","max-snippet":"max-snippet:-1","max-image-preview":"max-image-preview:large","max-video-preview":"max-video-preview:-1"},"canonical":"https:\/\/iwood-solutions.com\/fr\/david-weber\/","og_locale":"fr_FR","og_type":"article","og_title":"David Weber | iWood | Natural Intelligence","og_description":"\/\/ DAVID WEBER \u00d7 WOODKIT.PRO DEL SHAPING AL BUILD La experiencia de David Weber aplicada a kits de madera dise\u00f1ados para construir tablas de surf con criterio, precisi\u00f3n y una l\u00f3gica clara desde el primer montaje. VER KITS DAVID WEBERENTENDER WOODKIT.PRO","og_url":"https:\/\/iwood-solutions.com\/fr\/david-weber\/","og_site_name":"iWood | Natural Intelligence","article_modified_time":"2026-05-08T01:47:36+00:00","og_image":[{"url":"https:\/\/iwood-solutions.com\/wp-content\/uploads\/2025\/08\/david-weber.jpg","type":"","width":"","height":""}],"twitter_card":"summary_large_image","schema":{"@context":"https:\/\/schema.org","@graph":[{"@type":"WebPage","@id":"https:\/\/iwood-solutions.com\/fr\/david-weber\/","url":"https:\/\/iwood-solutions.com\/fr\/david-weber\/","name":"David Weber | iWood | Natural Intelligence","isPartOf":{"@id":"https:\/\/iwood-solutions.com\/fr\/#website"},"primaryImageOfPage":{"@id":"https:\/\/iwood-solutions.com\/fr\/david-weber\/#primaryimage"},"image":{"@id":"https:\/\/iwood-solutions.com\/fr\/david-weber\/#primaryimage"},"thumbnailUrl":"https:\/\/iwood-solutions.com\/wp-content\/uploads\/2025\/08\/david-weber.jpg","datePublished":"2026-05-08T01:33:12+00:00","dateModified":"2026-05-08T01:47:36+00:00","breadcrumb":{"@id":"https:\/\/iwood-solutions.com\/fr\/david-weber\/#breadcrumb"},"inLanguage":"fr-FR","potentialAction":[{"@type":"ReadAction","target":["https:\/\/iwood-solutions.com\/fr\/david-weber\/"]}]},{"@type":"ImageObject","inLanguage":"fr-FR","@id":"https:\/\/iwood-solutions.com\/fr\/david-weber\/#primaryimage","url":"https:\/\/iwood-solutions.com\/wp-content\/uploads\/2025\/08\/david-weber.jpg","contentUrl":"https:\/\/iwood-solutions.com\/wp-content\/uploads\/2025\/08\/david-weber.jpg"},{"@type":"BreadcrumbList","@id":"https:\/\/iwood-solutions.com\/fr\/david-weber\/#breadcrumb","itemListElement":[{"@type":"ListItem","position":1,"name":"Portada","item":"https:\/\/iwood-solutions.com\/fr\/acheter-du-bois-de-paulownia-durable-2\/"},{"@type":"ListItem","position":2,"name":"David Weber"}]},{"@type":"WebSite","@id":"https:\/\/iwood-solutions.com\/fr\/#website","url":"https:\/\/iwood-solutions.com\/fr\/","name":"iWood Solutions by WOODKIT.PRO","description":"Intelligent Wood Solutions","potentialAction":[{"@type":"SearchAction","target":{"@type":"EntryPoint","urlTemplate":"https:\/\/iwood-solutions.com\/fr\/?s={search_term_string}"},"query-input":{"@type":"PropertyValueSpecification","valueRequired":true,"valueName":"search_term_string"}}],"inLanguage":"fr-FR"}]}},"_links":{"self":[{"href":"https:\/\/iwood-solutions.com\/fr\/wp-json\/wp\/v2\/pages\/28249","targetHints":{"allow":["GET"]}}],"collection":[{"href":"https:\/\/iwood-solutions.com\/fr\/wp-json\/wp\/v2\/pages"}],"about":[{"href":"https:\/\/iwood-solutions.com\/fr\/wp-json\/wp\/v2\/types\/page"}],"author":[{"embeddable":true,"href":"https:\/\/iwood-solutions.com\/fr\/wp-json\/wp\/v2\/users\/11"}],"replies":[{"embeddable":true,"href":"https:\/\/iwood-solutions.com\/fr\/wp-json\/wp\/v2\/comments?post=28249"}],"version-history":[{"count":0,"href":"https:\/\/iwood-solutions.com\/fr\/wp-json\/wp\/v2\/pages\/28249\/revisions"}],"wp:attachment":[{"href":"https:\/\/iwood-solutions.com\/fr\/wp-json\/wp\/v2\/media?parent=28249"}],"curies":[{"name":"wp","href":"https:\/\/api.w.org\/{rel}","templated":true}]}}