{"id":13712,"date":"2025-05-05T17:59:59","date_gmt":"2025-05-05T15:59:59","guid":{"rendered":"https:\/\/iwood-solutions.com\/nota-prawna\/"},"modified":"2026-04-20T15:14:57","modified_gmt":"2026-04-20T13:14:57","slug":"nota-prawna","status":"publish","type":"page","link":"https:\/\/iwood-solutions.com\/pl\/nota-prawna\/","title":{"rendered":"Nota prawna"},"content":{"rendered":"\t\t<div data-elementor-type=\"wp-page\" data-elementor-id=\"13712\" class=\"elementor elementor-13712\" data-elementor-post-type=\"page\">\n\t\t\t\t<div class=\"elementor-element elementor-element-36a3f45 e-flex e-con-boxed e-con e-parent\" data-id=\"36a3f45\" data-element_type=\"container\" data-e-type=\"container\" data-settings=\"{&quot;background_background&quot;:&quot;classic&quot;}\">\n\t\t\t\t\t<div class=\"e-con-inner\">\n\t\t<div class=\"elementor-element elementor-element-c26b2a0 e-con-full e-flex elementor-invisible e-con e-child\" data-id=\"c26b2a0\" data-element_type=\"container\" data-e-type=\"container\" data-settings=\"{&quot;animation&quot;:&quot;fadeIn&quot;}\">\n\t\t\t\t<div class=\"elementor-element elementor-element-acfc94c elementor-widget elementor-widget-heading\" data-id=\"acfc94c\" data-element_type=\"widget\" data-e-type=\"widget\" data-widget_type=\"heading.default\">\n\t\t\t\t<div class=\"elementor-widget-container\">\n\t\t\t\t\t<h1 class=\"elementor-heading-title elementor-size-default\">Nota prawna<\/h1>\t\t\t\t<\/div>\n\t\t\t\t<\/div>\n\t\t\t\t<div class=\"elementor-element elementor-element-000b3e3 elementor-widget elementor-widget-text-editor\" data-id=\"000b3e3\" data-element_type=\"widget\" data-e-type=\"widget\" data-widget_type=\"text-editor.default\">\n\t\t\t\t<div class=\"elementor-widget-container\">\n\t\t\t\t\t\t\t\t\t<p><strong>DANE IDENTYFIKACYJNE:<\/strong><\/p><p>Zgodnie z obowi\u0105zkiem informacyjnym zawartym w artykule 10 ustawy 34\/2002 z dnia 11 lipca o us\u0142ugach spo\u0142ecze\u0144stwa informacyjnego i handlu elektronicznym, poni\u017cej przedstawiono nast\u0119puj\u0105ce dane firmy, kt\u00f3ra jest w\u0142a\u015bcicielem tej witryny:<\/p><p><strong>Przedsi\u0119biorstwo:<\/strong> Paulownia A1 Agroforestry SL<\/p><p><strong>NR VAT:<\/strong> B91986547<\/p><p><strong>Adres:<\/strong> Ctra. Nacional 332, Km. 253, 46410, Sueca, Valencia, Hiszpania <\/p><p><strong>E-mail: <a href=\"mailto:info@ipaulownia.com\">info@ipaulownia.com<\/a><\/strong><\/p><p><strong>Strona internetowa: <a href=\"https:\/\/iwood-solutions.com\/pl\/\" target=\"_blank\" rel=\"noopener\">https:\/\/iwood-solutions.com<\/a><\/strong><\/p><p><strong>Rejestr handlowy:<\/strong> zarejestrowany w rejestrze handlowym Sewilli w tomie 5496, folio 175, strona SE-92609.<\/p><p><strong>U\u017bYTKOWNICY:<\/strong><\/p><p>Korzystanie z tego portalu jest ca\u0142kowicie dobrowolne i oznacza pe\u0142n\u0105 akceptacj\u0119 przez U\u017cytkownika wszystkich warunk\u00f3w u\u017cytkowania obowi\u0105zuj\u0105cych w danym momencie. Paulownia A1 Agroforestry SL zastrzega sobie prawo do wycofania dost\u0119pu do strony internetowej bez uprzedniego powiadomienia ka\u017cdego U\u017cytkownika, kt\u00f3ry narusza postanowienia niniejszych warunk\u00f3w. U\u017cytkownik jest odpowiedzialny za uwa\u017cne przeczytanie niniejszych warunk\u00f3w, kt\u00f3re maj\u0105 zastosowanie niezale\u017cnie od og\u00f3lnych warunk\u00f3w umownych, kt\u00f3re mog\u0105 by\u0107 obowi\u0105zkowe.  <\/p><p><strong>KORZYSTANIE Z PORTALU:<\/strong><\/p><p>Paulownia A1 Agroforestry SL zapewnia dost\u0119p do wielu informacji, us\u0142ug, program\u00f3w lub danych w Internecie. U\u017cytkownik ponosi odpowiedzialno\u015b\u0107 za korzystanie z portalu i zobowi\u0105zuje si\u0119 do w\u0142a\u015bciwego korzystania z tre\u015bci i us\u0142ug, bez anga\u017cowania si\u0119 w nielegalne dzia\u0142ania lub dzia\u0142ania sprzeczne z dobr\u0105 wiar\u0105 i porz\u0105dkiem publicznym. <\/p><p><strong>POLITYKA PRYWATNO\u015aCI:<\/strong><\/p><p>Informujemy, \u017ce Paulownia A1 Agroforestry SL przestrzega obowi\u0105zuj\u0105cych przepis\u00f3w dotycz\u0105cych ochrony danych osobowych, w szczeg\u00f3lno\u015bci rozporz\u0105dzenia (UE) 2016\/679 (RODO) i LOPD. Wi\u0119cej informacji mo\u017cna znale\u017a\u0107 w naszej <a href=\"https:\/\/iwood-solutions.com\/pl\/polityka-prywatnosci\/\" target=\"_blank\" rel=\"noopener\"><strong>Polityka prywatno\u015bci<\/strong><\/a>. <\/p><p><strong>W\u0141ASNO\u015aCI INTELEKTUALNEJ I PRZEMYS\u0141OWEJ:<\/strong><\/p><p>Ca\u0142a zawarto\u015b\u0107 strony internetowej, w tym obrazy i tekst, s\u0105 w\u0142asno\u015bci\u0105 Paulownia A1 Agroforestry SL i s\u0105 chronione prawem. Ich powielanie lub wykorzystywanie do cel\u00f3w komercyjnych jest zabronione bez wyra\u017anej zgody. <\/p><p><strong>WY\u0141\u0104CZENIE GWARANCJI I ODPOWIEDZIALNO\u015aCI:<\/strong><\/p><p>Korzystanie ze strony internetowej odbywa si\u0119 na wy\u0142\u0105czn\u0105 odpowiedzialno\u015b\u0107 u\u017cytkownika, a Paulownia A1 Agroforestry S.L. nie ponosi \u017cadnej odpowiedzialno\u015bci za jakiekolwiek szkody, kt\u00f3re mog\u0105 by\u0107 spowodowane w systemach komputerowych u\u017cytkownik\u00f3w, wynikaj\u0105ce z dost\u0119pu, u\u017cytkowania lub niew\u0142a\u015bciwego wykorzystania zawarto\u015bci strony internetowej, informacji uzyskanych za jej po\u015brednictwem, wirus\u00f3w komputerowych, awarii operacyjnych lub przerw w \u015bwiadczeniu us\u0142ug lub transmisji.<\/p><p>Paulownia A1 Agroforestry S.L., wyra\u017anie zrzeka si\u0119 wszelkiej odpowiedzialno\u015bci za jakiekolwiek straty lub szkody, kt\u00f3re u\u017cytkownik mo\u017ce ponie\u015b\u0107 z powodu b\u0142\u0119du, wady lub pomini\u0119cia w informacjach zawartych na stronach tej witryny. U\u017cytkownik zwalnia Paulownia A1 Agroforestry S.L. z wszelkiej odpowiedzialno\u015bci w zwi\u0105zku z wiarygodno\u015bci\u0105, u\u017cyteczno\u015bci\u0105 lub fa\u0142szywymi oczekiwaniami, kt\u00f3re portal mo\u017ce wywo\u0142a\u0107 podczas jego przegl\u0105dania.  <\/p><p><strong>CIASTECZKA:<\/strong><\/p><p>Ta strona wykorzystuje pliki cookie w celu zapewnienia prawid\u0142owego funkcjonowania portalu. Wi\u0119cej informacji mo\u017cna znale\u017a\u0107 w naszej <a href=\"https:\/\/iwood-solutions.com\/pl\/polityka-dotyczaca-plikow-cookie\/\" target=\"_blank\" rel=\"noopener\">Polityce dotycz\u0105cej plik\u00f3w cookie<\/a>. <\/p><p><strong>LINKI:<\/strong><\/p><p>Paulownia A1 Agroforestry SL nie ponosi odpowiedzialno\u015bci za tre\u015b\u0107 link\u00f3w zewn\u0119trznych zawartych na tej stronie, ani nie gwarantuje ich technicznej dost\u0119pno\u015bci lub dok\u0142adno\u015bci.<\/p><p><strong>PRAWO DO WYKLUCZENIA:<\/strong><\/p><p>Paulownia A1 Agroforestry SL zastrzega sobie prawo do odmowy lub wycofania dost\u0119pu do portalu i\/lub us\u0142ug bez uprzedniego powiadomienia u\u017cytkownik\u00f3w, kt\u00f3rzy nie przestrzegaj\u0105 niniejszej Informacji prawnej.<\/p><p><strong>OG\u00d3LNE:<\/strong><\/p><p>Paulownia A1 Agroforestry SL mo\u017ce podj\u0105\u0107 kroki prawne przeciwko niew\u0142a\u015bciwemu korzystaniu ze strony internetowej lub naruszeniu niniejszej Informacji prawnej.<\/p><p><strong>MODYFIKACJA TYCH WARUNK\u00d3W I CZASU TRWANIA:<\/strong><\/p><p>Paulownia A1 Agroforestry SL mo\u017ce w dowolnym momencie zmieni\u0107 warunki okre\u015blone w niniejszym dokumencie, kt\u00f3re zostan\u0105 nale\u017cycie opublikowane. Wa\u017cno\u015b\u0107 warunk\u00f3w zale\u017cy od ich ekspozycji i pozostaje w mocy do czasu ich zmiany przez inne nale\u017cycie opublikowane warunki.<\/p><p><strong>PRAWO W\u0141A\u015aCIWE I JURYSDYKCJA:<\/strong><\/p><p>Niniejsze Og\u00f3lne Warunki U\u017cytkowania podlegaj\u0105 prawu hiszpa\u0144skiemu. Paulownia A1 Agroforestry S.L. i u\u017cytkownik zgadzaj\u0105 si\u0119 podda\u0107 jurysdykcji s\u0105d\u00f3w i trybuna\u0142\u00f3w miejsca zamieszkania u\u017cytkownika w przypadku wszelkich pyta\u0144, kt\u00f3re mog\u0105 powsta\u0107 w zwi\u0105zku z zawarto\u015bci\u0105 strony internetowej oraz stosowaniem i wype\u0142nianiem tego, co zosta\u0142o tutaj ustalone. W przypadku, gdy U\u017cytkownik ma miejsce zamieszkania poza terytorium Hiszpanii, Paulownia A1 Agroforestry S.L. i U\u017cytkownik zgadzaj\u0105 si\u0119 podda\u0107 s\u0105dom i trybuna\u0142om, zrzekaj\u0105c si\u0119 jakiejkolwiek innej jurysdykcji, kt\u00f3ra mo\u017ce im odpowiada\u0107.<\/p><p><strong>Data ostatniej aktualizacji:<\/strong> 5 maja 2025 r.<\/p>\t\t\t\t\t\t\t\t<\/div>\n\t\t\t\t<\/div>\n\t\t\t\t<\/div>\n\t\t\t\t\t<\/div>\n\t\t\t\t<\/div>\n\t\t\t\t<\/div>\n\t\t","protected":false},"excerpt":{"rendered":"<p>Nota prawna DANE IDENTYFIKACYJNE: Zgodnie z obowi\u0105zkiem informacyjnym zawartym w artykule 10 ustawy 34\/2002 z dnia 11 lipca o us\u0142ugach spo\u0142ecze\u0144stwa informacyjnego i handlu elektronicznym, poni\u017cej przedstawiono nast\u0119puj\u0105ce dane firmy, kt\u00f3ra jest w\u0142a\u015bcicielem tej witryny: Przedsi\u0119biorstwo: Paulownia A1 Agroforestry SL NR VAT: B91986547 Adres: Ctra. Nacional 332, Km. 253, 46410, Sueca, Valencia, Hiszpania E-mail: info@ipaulownia.com [&hellip;]<\/p>\n","protected":false},"author":1,"featured_media":0,"parent":0,"menu_order":0,"comment_status":"closed","ping_status":"closed","template":"template-canvas.php","meta":{"footnotes":""},"class_list":["post-13712","page","type-page","status-publish","hentry"],"yoast_head":"<!-- This site is optimized with the Yoast SEO plugin v27.4 - https:\/\/yoast.com\/product\/yoast-seo-wordpress\/ -->\n<title>Nota prawna - iWood | Natural Intelligence<\/title>\n<meta name=\"robots\" content=\"noindex, follow\" \/>\n<meta property=\"og:locale\" content=\"pl_PL\" \/>\n<meta property=\"og:type\" content=\"article\" \/>\n<meta property=\"og:title\" content=\"Nota prawna - iWood | Natural Intelligence\" \/>\n<meta property=\"og:description\" content=\"Nota prawna DANE IDENTYFIKACYJNE: Zgodnie z obowi\u0105zkiem informacyjnym zawartym w artykule 10 ustawy 34\/2002 z dnia 11 lipca o us\u0142ugach spo\u0142ecze\u0144stwa informacyjnego i handlu elektronicznym, poni\u017cej przedstawiono nast\u0119puj\u0105ce dane firmy, kt\u00f3ra jest w\u0142a\u015bcicielem tej witryny: Przedsi\u0119biorstwo: Paulownia A1 Agroforestry SL NR VAT: B91986547 Adres: Ctra. Nacional 332, Km. 253, 46410, Sueca, Valencia, Hiszpania E-mail: info@ipaulownia.com [&hellip;]\" \/>\n<meta property=\"og:url\" content=\"https:\/\/iwood-solutions.com\/pl\/nota-prawna\/\" \/>\n<meta property=\"og:site_name\" content=\"iWood | Natural Intelligence\" \/>\n<meta property=\"article:modified_time\" content=\"2026-04-20T13:14:57+00:00\" \/>\n<meta name=\"twitter:card\" content=\"summary_large_image\" \/>\n<meta name=\"twitter:label1\" content=\"Szacowany czas czytania\" \/>\n\t<meta name=\"twitter:data1\" content=\"4 minuty\" \/>\n<script type=\"application\/ld+json\" class=\"yoast-schema-graph\">{\"@context\":\"https:\\\/\\\/schema.org\",\"@graph\":[{\"@type\":\"WebPage\",\"@id\":\"https:\\\/\\\/iwood-solutions.com\\\/pl\\\/nota-prawna\\\/\",\"url\":\"https:\\\/\\\/iwood-solutions.com\\\/pl\\\/nota-prawna\\\/\",\"name\":\"Nota prawna - iWood | Natural Intelligence\",\"isPartOf\":{\"@id\":\"https:\\\/\\\/iwood-solutions.com\\\/pl\\\/#website\"},\"datePublished\":\"2025-05-05T15:59:59+00:00\",\"dateModified\":\"2026-04-20T13:14:57+00:00\",\"breadcrumb\":{\"@id\":\"https:\\\/\\\/iwood-solutions.com\\\/pl\\\/nota-prawna\\\/#breadcrumb\"},\"inLanguage\":\"pl-PL\",\"potentialAction\":[{\"@type\":\"ReadAction\",\"target\":[\"https:\\\/\\\/iwood-solutions.com\\\/pl\\\/nota-prawna\\\/\"]}]},{\"@type\":\"BreadcrumbList\",\"@id\":\"https:\\\/\\\/iwood-solutions.com\\\/pl\\\/nota-prawna\\\/#breadcrumb\",\"itemListElement\":[{\"@type\":\"ListItem\",\"position\":1,\"name\":\"Portada\",\"item\":\"https:\\\/\\\/iwood-solutions.com\\\/pl\\\/kup-zrownowazone-drewno-paulownia-2\\\/\"},{\"@type\":\"ListItem\",\"position\":2,\"name\":\"Nota prawna\"}]},{\"@type\":\"WebSite\",\"@id\":\"https:\\\/\\\/iwood-solutions.com\\\/pl\\\/#website\",\"url\":\"https:\\\/\\\/iwood-solutions.com\\\/pl\\\/\",\"name\":\"iWood\",\"description\":\"Intelligent Wood Solutions\",\"publisher\":{\"@id\":\"https:\\\/\\\/iwood-solutions.com\\\/pl\\\/#organization\"},\"potentialAction\":[{\"@type\":\"SearchAction\",\"target\":{\"@type\":\"EntryPoint\",\"urlTemplate\":\"https:\\\/\\\/iwood-solutions.com\\\/pl\\\/?s={search_term_string}\"},\"query-input\":{\"@type\":\"PropertyValueSpecification\",\"valueRequired\":true,\"valueName\":\"search_term_string\"}}],\"inLanguage\":\"pl-PL\"},{\"@type\":\"Organization\",\"@id\":\"https:\\\/\\\/iwood-solutions.com\\\/pl\\\/#organization\",\"name\":\"iWood\",\"url\":\"https:\\\/\\\/iwood-solutions.com\\\/pl\\\/\",\"logo\":{\"@type\":\"ImageObject\",\"inLanguage\":\"pl-PL\",\"@id\":\"https:\\\/\\\/iwood-solutions.com\\\/pl\\\/#\\\/schema\\\/logo\\\/image\\\/\",\"url\":\"https:\\\/\\\/iwood-solutions.com\\\/wp-content\\\/uploads\\\/2026\\\/04\\\/cropped-IWOOD_LOGO_DARK-e1776466684737.png\",\"contentUrl\":\"https:\\\/\\\/iwood-solutions.com\\\/wp-content\\\/uploads\\\/2026\\\/04\\\/cropped-IWOOD_LOGO_DARK-e1776466684737.png\",\"width\":250,\"height\":49,\"caption\":\"iWood\"},\"image\":{\"@id\":\"https:\\\/\\\/iwood-solutions.com\\\/pl\\\/#\\\/schema\\\/logo\\\/image\\\/\"}}]}<\/script>\n<!-- \/ Yoast SEO plugin. -->","yoast_head_json":{"title":"Nota prawna - iWood | Natural Intelligence","robots":{"index":"noindex","follow":"follow"},"og_locale":"pl_PL","og_type":"article","og_title":"Nota prawna - iWood | Natural Intelligence","og_description":"Nota prawna DANE IDENTYFIKACYJNE: Zgodnie z obowi\u0105zkiem informacyjnym zawartym w artykule 10 ustawy 34\/2002 z dnia 11 lipca o us\u0142ugach spo\u0142ecze\u0144stwa informacyjnego i handlu elektronicznym, poni\u017cej przedstawiono nast\u0119puj\u0105ce dane firmy, kt\u00f3ra jest w\u0142a\u015bcicielem tej witryny: Przedsi\u0119biorstwo: Paulownia A1 Agroforestry SL NR VAT: B91986547 Adres: Ctra. Nacional 332, Km. 253, 46410, Sueca, Valencia, Hiszpania E-mail: info@ipaulownia.com [&hellip;]","og_url":"https:\/\/iwood-solutions.com\/pl\/nota-prawna\/","og_site_name":"iWood | Natural Intelligence","article_modified_time":"2026-04-20T13:14:57+00:00","twitter_card":"summary_large_image","twitter_misc":{"Szacowany czas czytania":"4 minuty"},"schema":{"@context":"https:\/\/schema.org","@graph":[{"@type":"WebPage","@id":"https:\/\/iwood-solutions.com\/pl\/nota-prawna\/","url":"https:\/\/iwood-solutions.com\/pl\/nota-prawna\/","name":"Nota prawna - iWood | Natural Intelligence","isPartOf":{"@id":"https:\/\/iwood-solutions.com\/pl\/#website"},"datePublished":"2025-05-05T15:59:59+00:00","dateModified":"2026-04-20T13:14:57+00:00","breadcrumb":{"@id":"https:\/\/iwood-solutions.com\/pl\/nota-prawna\/#breadcrumb"},"inLanguage":"pl-PL","potentialAction":[{"@type":"ReadAction","target":["https:\/\/iwood-solutions.com\/pl\/nota-prawna\/"]}]},{"@type":"BreadcrumbList","@id":"https:\/\/iwood-solutions.com\/pl\/nota-prawna\/#breadcrumb","itemListElement":[{"@type":"ListItem","position":1,"name":"Portada","item":"https:\/\/iwood-solutions.com\/pl\/kup-zrownowazone-drewno-paulownia-2\/"},{"@type":"ListItem","position":2,"name":"Nota prawna"}]},{"@type":"WebSite","@id":"https:\/\/iwood-solutions.com\/pl\/#website","url":"https:\/\/iwood-solutions.com\/pl\/","name":"iWood","description":"Intelligent Wood Solutions","publisher":{"@id":"https:\/\/iwood-solutions.com\/pl\/#organization"},"potentialAction":[{"@type":"SearchAction","target":{"@type":"EntryPoint","urlTemplate":"https:\/\/iwood-solutions.com\/pl\/?s={search_term_string}"},"query-input":{"@type":"PropertyValueSpecification","valueRequired":true,"valueName":"search_term_string"}}],"inLanguage":"pl-PL"},{"@type":"Organization","@id":"https:\/\/iwood-solutions.com\/pl\/#organization","name":"iWood","url":"https:\/\/iwood-solutions.com\/pl\/","logo":{"@type":"ImageObject","inLanguage":"pl-PL","@id":"https:\/\/iwood-solutions.com\/pl\/#\/schema\/logo\/image\/","url":"https:\/\/iwood-solutions.com\/wp-content\/uploads\/2026\/04\/cropped-IWOOD_LOGO_DARK-e1776466684737.png","contentUrl":"https:\/\/iwood-solutions.com\/wp-content\/uploads\/2026\/04\/cropped-IWOOD_LOGO_DARK-e1776466684737.png","width":250,"height":49,"caption":"iWood"},"image":{"@id":"https:\/\/iwood-solutions.com\/pl\/#\/schema\/logo\/image\/"}}]}},"_links":{"self":[{"href":"https:\/\/iwood-solutions.com\/pl\/wp-json\/wp\/v2\/pages\/13712","targetHints":{"allow":["GET"]}}],"collection":[{"href":"https:\/\/iwood-solutions.com\/pl\/wp-json\/wp\/v2\/pages"}],"about":[{"href":"https:\/\/iwood-solutions.com\/pl\/wp-json\/wp\/v2\/types\/page"}],"author":[{"embeddable":true,"href":"https:\/\/iwood-solutions.com\/pl\/wp-json\/wp\/v2\/users\/1"}],"replies":[{"embeddable":true,"href":"https:\/\/iwood-solutions.com\/pl\/wp-json\/wp\/v2\/comments?post=13712"}],"version-history":[{"count":5,"href":"https:\/\/iwood-solutions.com\/pl\/wp-json\/wp\/v2\/pages\/13712\/revisions"}],"predecessor-version":[{"id":25308,"href":"https:\/\/iwood-solutions.com\/pl\/wp-json\/wp\/v2\/pages\/13712\/revisions\/25308"}],"wp:attachment":[{"href":"https:\/\/iwood-solutions.com\/pl\/wp-json\/wp\/v2\/media?parent=13712"}],"curies":[{"name":"wp","href":"https:\/\/api.w.org\/{rel}","templated":true}]}}